{"id":6513,"date":"2022-03-22T10:14:55","date_gmt":"2022-03-22T08:14:55","guid":{"rendered":"https:\/\/memoria.montserrat.es\/postguerra-a-montserrat\/lescola-franquista\/"},"modified":"2023-02-22T12:31:04","modified_gmt":"2023-02-22T10:31:04","slug":"la-escuela-franquista","status":"publish","type":"page","link":"https:\/\/memoria.montserrat.es\/es\/posguerra-en-montserrat\/la-escuela-franquista\/","title":{"rendered":"La escuela franquista"},"content":{"rendered":"<p>[vc_row css_animation=\u00bb\u00bb row_type=\u00bbrow\u00bb use_row_as_full_screen_section=\u00bbno\u00bb type=\u00bbfull_width\u00bb angled_section=\u00bbno\u00bb text_align=\u00bbleft\u00bb background_image_as_pattern=\u00bbwithout_pattern\u00bb z_index=\u00bb\u00bb css=\u00bb.vc_custom_1665399305305{margin-bottom: 0px !important;padding-bottom: 50px !important;background-position: center !important;background-repeat: no-repeat !important;background-size: contain !important;}\u00bb el_class=\u00bb.imatge_fons\u00bb][vc_column][vc_row_inner row_type=\u00bbrow\u00bb type=\u00bbgrid\u00bb text_align=\u00bbleft\u00bb css_animation=\u00bb\u00bb padding_top=\u00bb50%\u00bb][vc_column_inner width=\u00bb1\/6&#8243; css=\u00bb.vc_custom_1647631464667{margin-right: 0px !important;margin-left: -100px !important;padding-right: 0px !important;}\u00bb offset=\u00bbvc_hidden-sm vc_hidden-xs\u00bb][vc_column_text el_class=\u00bb.num_capitol\u00bb]05[\/vc_column_text][\/vc_column_inner][vc_column_inner width=\u00bb1\/2&#8243; css=\u00bb.vc_custom_1647631470542{margin-left: -100px !important;padding-left: 0px !important;}\u00bb offset=\u00bbvc_hidden-sm vc_hidden-xs\u00bb][vc_column_text el_class=\u00bb.titol_capitol\u00bb]<\/p>\n<h1>La escuela<br \/>\n<span class=\"subtitol\">franquista<\/span><\/h1>\n<p>[\/vc_column_text][\/vc_column_inner][vc_column_inner width=\u00bb1\/3&#8243; offset=\u00bbvc_hidden-sm vc_hidden-xs\u00bb][vc_column_text el_class=\u00bb.etiqueta_mare\u00bb]<\/p>\n<h3><\/h3>\n<h3 style=\"text-align: right;\"><span class=\"roig\">POSGUERRA <\/span>EN MONTSERRAT<\/h3>\n<p>[\/vc_column_text][\/vc_column_inner][\/vc_row_inner][vc_row_inner row_type=\u00bbrow\u00bb type=\u00bbfull_width\u00bb text_align=\u00bbleft\u00bb css_animation=\u00bb\u00bb css=\u00bb.vc_custom_1647632187031{margin-left: 2% !important;}\u00bb][vc_column_inner offset=\u00bbvc_hidden-lg vc_hidden-md\u00bb css=\u00bb.vc_custom_1647632140819{margin-top: 50px !important;}\u00bb][vc_column_text el_class=\u00bb.num_capitol_mobile\u00bb css=\u00bb.vc_custom_1647936939434{margin-bottom: 50px !important;}\u00bb]05[\/vc_column_text][vc_column_text el_class=\u00bb.titol_capitol_mobile\u00bb]<\/p>\n<h1>La escuela<br \/>\n<span class=\"subtitol\">franquista<\/span><\/h1>\n<p>[\/vc_column_text][vc_column_text el_class=\u00bb.etiqueta_mare\u00bb]<\/p>\n<h3 style=\"text-align: left;\"><span class=\"roig\">POSGUERRA <\/span>EN MONTSERRAT<\/h3>\n<p>[\/vc_column_text][\/vc_column_inner][\/vc_row_inner][vc_row_inner row_type=\u00bbrow\u00bb type=\u00bbfull_width\u00bb text_align=\u00bbleft\u00bb css_animation=\u00bb\u00bb][vc_column_inner][vc_single_image image=\u00bb54&#8243; img_size=\u00bbfull\u00bb alignment=\u00bbcenter\u00bb qode_css_animation=\u00bb\u00bb][\/vc_column_inner][\/vc_row_inner][vc_row_inner row_type=\u00bbrow\u00bb type=\u00bbgrid\u00bb text_align=\u00bbleft\u00bb css_animation=\u00bb\u00bb css=\u00bb.vc_custom_1647628966339{margin-top: 30px !important;margin-right: 2% !important;margin-left: 2% !important;}\u00bb][vc_column_inner][vc_column_text]El franquismo destruy\u00f3 la modernizaci\u00f3n de la escuela dise\u00f1ada por la Rep\u00fablica. Primero. depur\u00f3 a los docentes (p\u00e9rdida de empleo o sueldo, traslados\u2026) y con ello, los someti\u00f3 a trav\u00e9s del miedo a los que no se hab\u00edan visto afectados. De los seis maestros de Montserrat, tres fueron depurados. Incluso, se les prohibi\u00f3 las clases particulares, \u00fanico sustento hasta que conclu\u00eda el expediente de depuraci\u00f3n. Segundo, a trav\u00e9s del curriculum, dise\u00f1\u00f3 una educaci\u00f3n sustentada en principios fascistas de Falange y nacionalcat\u00f3licos de la Iglesia. El resultado fue una escuela que adoctrinaba en los principios del patriarcado, del ultranacionalismo espa\u00f1ol, en el respeto a las jerarqu\u00edas y al orden establecido y en la marginaci\u00f3n cultural. De hecho, hasta se pretend\u00eda que se hablase castellano en el recreo. A veces, con un magisterio escasamente formado. Un ejemplo, en 1951, cuando los maestros locales consiguieron que la biblioteca no prestase revistas a los ni\u00f1os ya que les distra\u00eda de los ejercicios y lecciones escolares. Y siempre hambrientos, sobreviviendo gracias a la ayuda de las familias.<\/p>\n<p>Aunque continu\u00f3 funcionando la escuela nocturna, los datos de analfabetismo en 1951 todav\u00eda contabilizaban 229 analfabetos, un 10,5% de la poblaci\u00f3n. En 1968 se se\u00f1alaban los principales problemas educativos locales: \u201cEdificio escolar deficiente, faltas de asistencia a clase de algunos alumnos y no existir en la localidad Centros de Ense\u00f1anza Profesional o T\u00e9cnica de Grado Medio\u00bb. El absentismo respond\u00eda, sobre todo, a las necesidades econ\u00f3micas familiares con ni\u00f1os labrando con apenas once a\u00f1os, haciendo cola en el racionamiento, escap\u00e1ndose de la escuela para matar p\u00e1jaros\u2026 Hasta 1974 no se inaugur\u00f3 el nuevo edificio escolar respondiendo a la pol\u00edtica franquista de los sesenta que buscaba un nuevo consenso atrayendo a las clases medias a trav\u00e9s de un incremento de las oportunidades laborales que comportaba la educaci\u00f3n, junto a las necesidades de mano de obra cualificada.<\/p>\n<p>La cultura estuvo controlada f\u00e9rreamente a trav\u00e9s de la censura pol\u00edtico-moral y de los discursos p\u00fablicos. Un ejemplo es la reclamaci\u00f3n al bibliotecario Miguel Bosch desde el arzobispado y transmitida por el Ministerio de Educaci\u00f3n Nacional sobre la presencia de libros de P\u00edo Baroja, Blasco Ib\u00e1\u00f1ez y Valle Incl\u00e1n en la biblioteca municipal, reclamando que no se le permitir\u00eda leer a j\u00f3venes. De hecho, Miguel Bosch lleg\u00f3 a principios de los cincuenta a ser investigado por la temida Brigada Pol\u00edtico-Social.<\/p>\n<p>La cultura popular se refugi\u00f3 en el teatro aficionado o en el cine, la gran pasi\u00f3n de estas d\u00e9cadas. Sus salas permit\u00edan alejarse de la realidad, especialmente en los a\u00f1os 40 y 50. Pero, especialmente la cultura transit\u00f3 alrededor de la Uni\u00f3n Musical, con su nuevo edificio y su gran Teatro-Cine Musical (1950-1951) y el cine Monserrat.<\/p>\n<p>Desde la segunda mitad de los sesenta se abrieron semiclandestinamente nuevos caminos que supon\u00edan una ruptura con la cultura oficial franquista. La nueva m\u00fasica pop (ye-y\u00e9 en Espa\u00f1a) era la expresi\u00f3n de la juventud. La llegada en 1969 de un nuevo p\u00e1rroco, Paco Mu\u00f1oz, un paradigma de los sacerdotes posconciliares, atrajo nuevas iniciativas culturales: la Escolan\u00eda, la promoci\u00f3n del asociacionismo cultural y juvenil (Scouts) o el Club Juvenil. Hasta consigui\u00f3, no sin problemas, que Raimon cantara en 1972 en el Musical. La sociedad iba emergiendo del \u201csilenci extens\u201d del franquismo. As\u00ed, el Libro de Fiestas de 1975 introdujo una poes\u00eda en valenciano\u2026[\/vc_column_text][\/vc_column_inner][\/vc_row_inner][\/vc_column][\/vc_row][vc_row css_animation=\u00bb\u00bb row_type=\u00bbrow\u00bb use_row_as_full_screen_section=\u00bbno\u00bb type=\u00bbgrid\u00bb angled_section=\u00bbno\u00bb text_align=\u00bbleft\u00bb background_image_as_pattern=\u00bbwithout_pattern\u00bb z_index=\u00bb\u00bb][vc_column width=\u00bb1\/3&#8243;][vc_btn title=\u00bbEntrevistas\u00bb style=\u00bbcustom\u00bb custom_background=\u00bb#9b0000&#8243; custom_text=\u00bb#ffffff\u00bb shape=\u00bbsquare\u00bb align=\u00bbleft\u00bb i_align=\u00bbright\u00bb i_icon_fontawesome=\u00bbfas fa-play\u00bb button_block=\u00bbtrue\u00bb add_icon=\u00bbtrue\u00bb link=\u00bburl:https%3A%2F%2Fmemoria.montserrat.es%2Fes%2Fposguerra-en-montserrat%2Fla-escuela-franquista%2Fla-escuela-franquista-entrevistas%2F|title:L%E2%80%99escola%20franquista%20%E2%80%93%20Entrevistes\u00bb][\/vc_column][vc_column width=\u00bb1\/3&#8243;][\/vc_column][vc_column width=\u00bb1\/3&#8243;][\/vc_column][\/vc_row][vc_row css_animation=\u00bb\u00bb row_type=\u00bbrow\u00bb use_row_as_full_screen_section=\u00bbno\u00bb type=\u00bbfull_width\u00bb angled_section=\u00bbno\u00bb text_align=\u00bbleft\u00bb background_image_as_pattern=\u00bbwithout_pattern\u00bb][vc_column][vc_masonry_media_grid element_width=\u00bb3&#8243; gap=\u00bb10&#8243; item=\u00bb263&#8243; grid_id=\u00bbvc_gid:1677061846133-4ea5a8e9-0053-9&#8243; include=\u00bb6140,6142,6144,6146,6148,6150,6152,6154,6156,6158,6160,6162,6164,6166,6168,6170,6172,6174,6176,6178,6180,6182,6184,6186,6188,6190,6192,6194,6196,6198,6200,6202,6204,6206,6208,6210,6212,6214,6216&#8243;][\/vc_column][\/vc_row]<\/p>\n","protected":false},"excerpt":{"rendered":"<p>[vc_row css_animation=\u00bb\u00bb row_type=\u00bbrow\u00bb use_row_as_full_screen_section=\u00bbno\u00bb type=\u00bbfull_width\u00bb angled_section=\u00bbno\u00bb text_align=\u00bbleft\u00bb background_image_as_pattern=\u00bbwithout_pattern\u00bb z_index=\u00bb\u00bb css=\u00bb.vc_custom_1665399305305{margin-bottom: 0px !important;padding-bottom: 50px !important;background-position: center !important;background-repeat: no-repeat !important;background-size: contain !important;}\u00bb el_class=\u00bb.imatge_fons\u00bb][vc_column][vc_row_inner row_type=\u00bbrow\u00bb type=\u00bbgrid\u00bb text_align=\u00bbleft\u00bb css_animation=\u00bb\u00bb padding_top=\u00bb50%\u00bb][vc_column_inner width=\u00bb1\/6&#8243; css=\u00bb.vc_custom_1647631464667{margin-right: 0px !important;margin-left: -100px !important;padding-right: 0px !important;}\u00bb offset=\u00bbvc_hidden-sm vc_hidden-xs\u00bb][vc_column_text el_class=\u00bb.num_capitol\u00bb]05[\/vc_column_text][\/vc_column_inner][vc_column_inner width=\u00bb1\/2&#8243; css=\u00bb.vc_custom_1647631470542{margin-left: -100px !important;padding-left: 0px !important;}\u00bb offset=\u00bbvc_hidden-sm vc_hidden-xs\u00bb][vc_column_text&#8230;<\/p>\n","protected":false},"author":1,"featured_media":0,"parent":2713,"menu_order":0,"comment_status":"closed","ping_status":"closed","template":"full_width.php","meta":{"_monsterinsights_skip_tracking":false,"_monsterinsights_sitenote_active":false,"_monsterinsights_sitenote_note":"","_monsterinsights_sitenote_category":0,"footnotes":""},"class_list":["post-6513","page","type-page","status-publish","hentry"],"yoast_head":"<!-- This site is optimized with the Yoast SEO plugin v21.4 - https:\/\/yoast.com\/wordpress\/plugins\/seo\/ -->\n<title>La escuela franquista - Mem\u00f2ria recobrada de Montserrat<\/title>\n<meta name=\"robots\" content=\"index, follow, max-snippet:-1, max-image-preview:large, max-video-preview:-1\" \/>\n<link rel=\"canonical\" href=\"https:\/\/memoria.montserrat.es\/es\/posguerra-en-montserrat\/la-escuela-franquista\/\" \/>\n<meta property=\"og:locale\" content=\"es_ES\" \/>\n<meta property=\"og:type\" content=\"article\" \/>\n<meta property=\"og:title\" content=\"La escuela franquista - Mem\u00f2ria recobrada de Montserrat\" \/>\n<meta property=\"og:description\" content=\"[vc_row css_animation=\u00bb\u00bb row_type=\u00bbrow\u00bb use_row_as_full_screen_section=\u00bbno\u00bb type=\u00bbfull_width\u00bb angled_section=\u00bbno\u00bb text_align=\u00bbleft\u00bb background_image_as_pattern=\u00bbwithout_pattern\u00bb z_index=\u00bb\u00bb css=\u00bb.vc_custom_1665399305305{margin-bottom: 0px !important;padding-bottom: 50px !important;background-position: center !important;background-repeat: no-repeat !important;background-size: contain !important;}\u00bb el_class=\u00bb.imatge_fons\u00bb][vc_column][vc_row_inner row_type=\u00bbrow\u00bb type=\u00bbgrid\u00bb text_align=\u00bbleft\u00bb css_animation=\u00bb\u00bb padding_top=\u00bb50%\u00bb][vc_column_inner width=\u00bb1\/6&#8243; css=\u00bb.vc_custom_1647631464667{margin-right: 0px !important;margin-left: -100px !important;padding-right: 0px !important;}\u00bb offset=\u00bbvc_hidden-sm vc_hidden-xs\u00bb][vc_column_text el_class=\u00bb.num_capitol\u00bb]05[\/vc_column_text][\/vc_column_inner][vc_column_inner width=\u00bb1\/2&#8243; css=\u00bb.vc_custom_1647631470542{margin-left: -100px !important;padding-left: 0px !important;}\u00bb offset=\u00bbvc_hidden-sm vc_hidden-xs\u00bb][vc_column_text...\" \/>\n<meta property=\"og:url\" content=\"https:\/\/memoria.montserrat.es\/es\/posguerra-en-montserrat\/la-escuela-franquista\/\" \/>\n<meta property=\"og:site_name\" content=\"Mem\u00f2ria recobrada de Montserrat\" \/>\n<meta property=\"article:modified_time\" content=\"2023-02-22T10:31:04+00:00\" \/>\n<meta name=\"twitter:card\" content=\"summary_large_image\" \/>\n<meta name=\"twitter:label1\" content=\"Tiempo de lectura\" \/>\n\t<meta name=\"twitter:data1\" content=\"5 minutos\" \/>\n<script type=\"application\/ld+json\" class=\"yoast-schema-graph\">{\"@context\":\"https:\/\/schema.org\",\"@graph\":[{\"@type\":\"WebPage\",\"@id\":\"https:\/\/memoria.montserrat.es\/es\/posguerra-en-montserrat\/la-escuela-franquista\/\",\"url\":\"https:\/\/memoria.montserrat.es\/es\/posguerra-en-montserrat\/la-escuela-franquista\/\",\"name\":\"La escuela franquista - Mem\u00f2ria recobrada de Montserrat\",\"isPartOf\":{\"@id\":\"https:\/\/memoria.montserrat.es\/es\/#website\"},\"datePublished\":\"2022-03-22T08:14:55+00:00\",\"dateModified\":\"2023-02-22T10:31:04+00:00\",\"breadcrumb\":{\"@id\":\"https:\/\/memoria.montserrat.es\/es\/posguerra-en-montserrat\/la-escuela-franquista\/#breadcrumb\"},\"inLanguage\":\"es\",\"potentialAction\":[{\"@type\":\"ReadAction\",\"target\":[\"https:\/\/memoria.montserrat.es\/es\/posguerra-en-montserrat\/la-escuela-franquista\/\"]}]},{\"@type\":\"BreadcrumbList\",\"@id\":\"https:\/\/memoria.montserrat.es\/es\/posguerra-en-montserrat\/la-escuela-franquista\/#breadcrumb\",\"itemListElement\":[{\"@type\":\"ListItem\",\"position\":1,\"name\":\"Inici\",\"item\":\"https:\/\/memoria.montserrat.es\/es\/\"},{\"@type\":\"ListItem\",\"position\":2,\"name\":\"posguerra en montserrat\",\"item\":\"https:\/\/memoria.montserrat.es\/es\/posguerra-en-montserrat\/\"},{\"@type\":\"ListItem\",\"position\":3,\"name\":\"La escuela franquista\"}]},{\"@type\":\"WebSite\",\"@id\":\"https:\/\/memoria.montserrat.es\/es\/#website\",\"url\":\"https:\/\/memoria.montserrat.es\/es\/\",\"name\":\"Mem\u00f2ria recobrada de Montserrat\",\"description\":\"La veu d&#039;un poble\",\"publisher\":{\"@id\":\"https:\/\/memoria.montserrat.es\/es\/#organization\"},\"potentialAction\":[{\"@type\":\"SearchAction\",\"target\":{\"@type\":\"EntryPoint\",\"urlTemplate\":\"https:\/\/memoria.montserrat.es\/es\/?s={search_term_string}\"},\"query-input\":\"required name=search_term_string\"}],\"inLanguage\":\"es\"},{\"@type\":\"Organization\",\"@id\":\"https:\/\/memoria.montserrat.es\/es\/#organization\",\"name\":\"Mem\u00f2ria recobrada de Montserrat\",\"url\":\"https:\/\/memoria.montserrat.es\/es\/\",\"logo\":{\"@type\":\"ImageObject\",\"inLanguage\":\"es\",\"@id\":\"https:\/\/memoria.montserrat.es\/es\/#\/schema\/logo\/image\/\",\"url\":\"https:\/\/memoria.montserrat.es\/wp-content\/uploads\/2023\/02\/memoria_montserrat_logo.png\",\"contentUrl\":\"https:\/\/memoria.montserrat.es\/wp-content\/uploads\/2023\/02\/memoria_montserrat_logo.png\",\"width\":1952,\"height\":788,\"caption\":\"Mem\u00f2ria recobrada de Montserrat\"},\"image\":{\"@id\":\"https:\/\/memoria.montserrat.es\/es\/#\/schema\/logo\/image\/\"}}]}<\/script>\n<!-- \/ Yoast SEO plugin. -->","yoast_head_json":{"title":"La escuela franquista - Mem\u00f2ria recobrada de Montserrat","robots":{"index":"index","follow":"follow","max-snippet":"max-snippet:-1","max-image-preview":"max-image-preview:large","max-video-preview":"max-video-preview:-1"},"canonical":"https:\/\/memoria.montserrat.es\/es\/posguerra-en-montserrat\/la-escuela-franquista\/","og_locale":"es_ES","og_type":"article","og_title":"La escuela franquista - Mem\u00f2ria recobrada de Montserrat","og_description":"[vc_row css_animation=\u00bb\u00bb row_type=\u00bbrow\u00bb use_row_as_full_screen_section=\u00bbno\u00bb type=\u00bbfull_width\u00bb angled_section=\u00bbno\u00bb text_align=\u00bbleft\u00bb background_image_as_pattern=\u00bbwithout_pattern\u00bb z_index=\u00bb\u00bb css=\u00bb.vc_custom_1665399305305{margin-bottom: 0px !important;padding-bottom: 50px !important;background-position: center !important;background-repeat: no-repeat !important;background-size: contain !important;}\u00bb el_class=\u00bb.imatge_fons\u00bb][vc_column][vc_row_inner row_type=\u00bbrow\u00bb type=\u00bbgrid\u00bb text_align=\u00bbleft\u00bb css_animation=\u00bb\u00bb padding_top=\u00bb50%\u00bb][vc_column_inner width=\u00bb1\/6&#8243; css=\u00bb.vc_custom_1647631464667{margin-right: 0px !important;margin-left: -100px !important;padding-right: 0px !important;}\u00bb offset=\u00bbvc_hidden-sm vc_hidden-xs\u00bb][vc_column_text el_class=\u00bb.num_capitol\u00bb]05[\/vc_column_text][\/vc_column_inner][vc_column_inner width=\u00bb1\/2&#8243; css=\u00bb.vc_custom_1647631470542{margin-left: -100px !important;padding-left: 0px !important;}\u00bb offset=\u00bbvc_hidden-sm vc_hidden-xs\u00bb][vc_column_text...","og_url":"https:\/\/memoria.montserrat.es\/es\/posguerra-en-montserrat\/la-escuela-franquista\/","og_site_name":"Mem\u00f2ria recobrada de Montserrat","article_modified_time":"2023-02-22T10:31:04+00:00","twitter_card":"summary_large_image","twitter_misc":{"Tiempo de lectura":"5 minutos"},"schema":{"@context":"https:\/\/schema.org","@graph":[{"@type":"WebPage","@id":"https:\/\/memoria.montserrat.es\/es\/posguerra-en-montserrat\/la-escuela-franquista\/","url":"https:\/\/memoria.montserrat.es\/es\/posguerra-en-montserrat\/la-escuela-franquista\/","name":"La escuela franquista - Mem\u00f2ria recobrada de Montserrat","isPartOf":{"@id":"https:\/\/memoria.montserrat.es\/es\/#website"},"datePublished":"2022-03-22T08:14:55+00:00","dateModified":"2023-02-22T10:31:04+00:00","breadcrumb":{"@id":"https:\/\/memoria.montserrat.es\/es\/posguerra-en-montserrat\/la-escuela-franquista\/#breadcrumb"},"inLanguage":"es","potentialAction":[{"@type":"ReadAction","target":["https:\/\/memoria.montserrat.es\/es\/posguerra-en-montserrat\/la-escuela-franquista\/"]}]},{"@type":"BreadcrumbList","@id":"https:\/\/memoria.montserrat.es\/es\/posguerra-en-montserrat\/la-escuela-franquista\/#breadcrumb","itemListElement":[{"@type":"ListItem","position":1,"name":"Inici","item":"https:\/\/memoria.montserrat.es\/es\/"},{"@type":"ListItem","position":2,"name":"posguerra en montserrat","item":"https:\/\/memoria.montserrat.es\/es\/posguerra-en-montserrat\/"},{"@type":"ListItem","position":3,"name":"La escuela franquista"}]},{"@type":"WebSite","@id":"https:\/\/memoria.montserrat.es\/es\/#website","url":"https:\/\/memoria.montserrat.es\/es\/","name":"Mem\u00f2ria recobrada de Montserrat","description":"La veu d&#039;un poble","publisher":{"@id":"https:\/\/memoria.montserrat.es\/es\/#organization"},"potentialAction":[{"@type":"SearchAction","target":{"@type":"EntryPoint","urlTemplate":"https:\/\/memoria.montserrat.es\/es\/?s={search_term_string}"},"query-input":"required name=search_term_string"}],"inLanguage":"es"},{"@type":"Organization","@id":"https:\/\/memoria.montserrat.es\/es\/#organization","name":"Mem\u00f2ria recobrada de Montserrat","url":"https:\/\/memoria.montserrat.es\/es\/","logo":{"@type":"ImageObject","inLanguage":"es","@id":"https:\/\/memoria.montserrat.es\/es\/#\/schema\/logo\/image\/","url":"https:\/\/memoria.montserrat.es\/wp-content\/uploads\/2023\/02\/memoria_montserrat_logo.png","contentUrl":"https:\/\/memoria.montserrat.es\/wp-content\/uploads\/2023\/02\/memoria_montserrat_logo.png","width":1952,"height":788,"caption":"Mem\u00f2ria recobrada de Montserrat"},"image":{"@id":"https:\/\/memoria.montserrat.es\/es\/#\/schema\/logo\/image\/"}}]}},"_links":{"self":[{"href":"https:\/\/memoria.montserrat.es\/es\/wp-json\/wp\/v2\/pages\/6513","targetHints":{"allow":["GET"]}}],"collection":[{"href":"https:\/\/memoria.montserrat.es\/es\/wp-json\/wp\/v2\/pages"}],"about":[{"href":"https:\/\/memoria.montserrat.es\/es\/wp-json\/wp\/v2\/types\/page"}],"author":[{"embeddable":true,"href":"https:\/\/memoria.montserrat.es\/es\/wp-json\/wp\/v2\/users\/1"}],"replies":[{"embeddable":true,"href":"https:\/\/memoria.montserrat.es\/es\/wp-json\/wp\/v2\/comments?post=6513"}],"version-history":[{"count":7,"href":"https:\/\/memoria.montserrat.es\/es\/wp-json\/wp\/v2\/pages\/6513\/revisions"}],"predecessor-version":[{"id":6669,"href":"https:\/\/memoria.montserrat.es\/es\/wp-json\/wp\/v2\/pages\/6513\/revisions\/6669"}],"up":[{"embeddable":true,"href":"https:\/\/memoria.montserrat.es\/es\/wp-json\/wp\/v2\/pages\/2713"}],"wp:attachment":[{"href":"https:\/\/memoria.montserrat.es\/es\/wp-json\/wp\/v2\/media?parent=6513"}],"curies":[{"name":"wp","href":"https:\/\/api.w.org\/{rel}","templated":true}]}}