{"id":6511,"date":"2022-03-21T19:48:48","date_gmt":"2022-03-21T17:48:48","guid":{"rendered":"https:\/\/memoria.montserrat.es\/postguerra-a-montserrat\/lestraperlo-intentant-sobreviure\/"},"modified":"2023-02-22T12:27:38","modified_gmt":"2023-02-22T10:27:38","slug":"el-estraperlo-intentado-sobrevivir","status":"publish","type":"page","link":"https:\/\/memoria.montserrat.es\/es\/posguerra-en-montserrat\/el-estraperlo-intentado-sobrevivir\/","title":{"rendered":"El estraperlo. Intentando sobrevivir"},"content":{"rendered":"<p>[vc_row css_animation=\u00bb\u00bb row_type=\u00bbrow\u00bb use_row_as_full_screen_section=\u00bbno\u00bb type=\u00bbfull_width\u00bb angled_section=\u00bbno\u00bb text_align=\u00bbleft\u00bb background_image_as_pattern=\u00bbwithout_pattern\u00bb z_index=\u00bb\u00bb css=\u00bb.vc_custom_1666173725657{margin-bottom: 0px !important;padding-bottom: 50px !important;background-position: center !important;background-repeat: no-repeat !important;background-size: contain !important;}\u00bb el_class=\u00bb.imatge_fons\u00bb][vc_column][vc_row_inner row_type=\u00bbrow\u00bb type=\u00bbgrid\u00bb text_align=\u00bbleft\u00bb css_animation=\u00bb\u00bb padding_top=\u00bb50%\u00bb][vc_column_inner width=\u00bb1\/6&#8243; css=\u00bb.vc_custom_1647631464667{margin-right: 0px !important;margin-left: -100px !important;padding-right: 0px !important;}\u00bb offset=\u00bbvc_hidden-sm vc_hidden-xs\u00bb][vc_column_text el_class=\u00bb.num_capitol\u00bb]04[\/vc_column_text][\/vc_column_inner][vc_column_inner width=\u00bb1\/2&#8243; css=\u00bb.vc_custom_1647631470542{margin-left: -100px !important;padding-left: 0px !important;}\u00bb offset=\u00bbvc_hidden-sm vc_hidden-xs\u00bb][vc_column_text el_class=\u00bb.titol_capitol\u00bb]<\/p>\n<h1>El estraperlo<br \/>\n<span class=\"subtitol\">Intentando sobrevivir<\/span><\/h1>\n<p>[\/vc_column_text][\/vc_column_inner][vc_column_inner width=\u00bb1\/3&#8243; offset=\u00bbvc_hidden-sm vc_hidden-xs\u00bb][vc_column_text el_class=\u00bb.etiqueta_mare\u00bb]<\/p>\n<h3><\/h3>\n<h3 style=\"text-align: right;\"><span class=\"roig\">POSGUERRA <\/span>EN MONTSERRAT<\/h3>\n<p>[\/vc_column_text][\/vc_column_inner][\/vc_row_inner][vc_row_inner row_type=\u00bbrow\u00bb type=\u00bbfull_width\u00bb text_align=\u00bbleft\u00bb css_animation=\u00bb\u00bb css=\u00bb.vc_custom_1647632187031{margin-left: 2% !important;}\u00bb][vc_column_inner offset=\u00bbvc_hidden-lg vc_hidden-md\u00bb css=\u00bb.vc_custom_1647632140819{margin-top: 50px !important;}\u00bb][vc_column_text el_class=\u00bb.num_capitol_mobile\u00bb css=\u00bb.vc_custom_1647884988210{margin-bottom: 50px !important;}\u00bb]04[\/vc_column_text][vc_column_text el_class=\u00bb.titol_capitol_mobile\u00bb]<\/p>\n<h1>El estraperlo<br \/>\n<span class=\"subtitol\">Intentando sobrevivir<\/span><\/h1>\n<p>[\/vc_column_text][vc_column_text el_class=\u00bb.etiqueta_mare\u00bb]<\/p>\n<h3 style=\"text-align: left;\"><span class=\"roig\">POSGUERRA <\/span>EN MONTSERRAT<\/h3>\n<p>[\/vc_column_text][\/vc_column_inner][\/vc_row_inner][vc_row_inner row_type=\u00bbrow\u00bb type=\u00bbfull_width\u00bb text_align=\u00bbleft\u00bb css_animation=\u00bb\u00bb][vc_column_inner][vc_single_image image=\u00bb54&#8243; img_size=\u00bbfull\u00bb alignment=\u00bbcenter\u00bb qode_css_animation=\u00bb\u00bb][\/vc_column_inner][\/vc_row_inner][vc_row_inner row_type=\u00bbrow\u00bb type=\u00bbgrid\u00bb text_align=\u00bbleft\u00bb css_animation=\u00bb\u00bb css=\u00bb.vc_custom_1647628966339{margin-top: 30px !important;margin-right: 2% !important;margin-left: 2% !important;}\u00bb][vc_column_inner][vc_column_text]Aunque en los pueblos la miseria ocasionada por el estraperlo fue menor que en las ciudades, la miseria de la autarqu\u00eda no pas\u00f3 de largo. Como refieren los testimonios orales de sus protagonistas, \u201cse pas\u00f3 m\u00e1s hambre que sed\u201d, al menos hab\u00eda fuentes. Las cartillas de racionamiento, el estraperlo, el intercambio, la sustituci\u00f3n de alimentos y la corrupci\u00f3n de las instituciones son recuerdos imborrables. El racionamiento, cuando lo hab\u00eda, era escaso y de calidad \u00ednfima, en buena medida debido a que, en algunos casos, los que ocupaban cargos p\u00fablicos lo robaban. Se cuenta que por la ma\u00f1ana sal\u00eda un carro tan cargado de la apropiaci\u00f3n del racionamiento y que un hombre ofreci\u00f3, sat\u00edricamente, su ayuda y la guardia civil le peg\u00f3. Un alcalde se quedaba con tanto aceite del racionamiento que un d\u00eda, por un accidente dom\u00e9stico, el aceite sal\u00eda a la calle. Cuando se requisaba la harina de trigo de los molinos, ilegal seg\u00fan el ordenamiento vigente, esta pasaba a manos los requisadores. Otras veces, para evitar la denuncia, se entregaba harina a la guardia civil, tambi\u00e9n afectada por el mismo problema. Eso s\u00ed, alg\u00fan alcalde era estricto con el peque\u00f1o (y obligado) estraperlo y publicaba el bando el nombre de los que se hab\u00eda detenido por robar unas cebollas para comer. Otros, en cambio, permitieron el estraperlo, \u00fanico recurso para comer.<\/p>\n<p>El t\u00e9rmino de Montserrat era deficitario en aceite, moniatos, cebada, ma\u00edz, trigo, patatas, esto es, productos b\u00e1sicos de la dieta. El ineficaz racionamiento pod\u00eda ser completado con el mercado negro (o estraperlo) pero el descenso salarial y el car\u00e1cter siempre inflacionario del estraperlo (\u201c8 o 10 voltes m\u00e9s del preu normal\u201d) forzaron a un retorno de una econom\u00eda de trueque, ya que el dinero perd\u00eda su valor. Por la noche pasaba una ni\u00f1a con una canastilla que cantaba \u201csardines barat a ous\u201d. O se intercambiaban las pieles de conejos.<\/p>\n<p>La vida era m\u00e1s activa por las noches y por los caminos. Ni\u00f1os y mujeres viajaban con sacos hasta un molino de Llombai o al Mol\u00ed de Tiny\u00f3s de El\u00edas Blasco para intercambiar ma\u00edz por harina o a Picassent a por arroz o a la Huerta Sur. En los molinos maquileros se mol\u00eda de noche las escasas cosechas familiares, aunque se cerraban continuamente, como el de Tiny\u00f3s en 1940, para favorecer a los grandes molinos.<\/p>\n<p>Como hab\u00eda que sobrevivir, se picaba en casa arroz, pero un arroz rojo, se com\u00edan algarrobas, hierbas silvestres (amapolas, camarrojas), se fre\u00eda sin aceite, se fumaba la mata de las patatas, las legumbres (guisantes) se compart\u00edan con arroz, se mezclaba la escasa harina de trigo con otras, el moniato intentaba llenar el est\u00f3mago. Sobre todo, se com\u00edan cocas de ma\u00edz, de una harina amarilla. Los peque\u00f1os hurtos eran actos de supervivencia. Se dejaba a los ni\u00f1os vigilando la comida durante las labores agr\u00edcolas ya que se robaba. Se intentaba una m\u00ednima apariencia a base de remiendos y los Reyes dejaban lo que pod\u00edan.<\/p>\n<p>La autarqu\u00eda tambi\u00e9n ocasion\u00f3 la detenci\u00f3n del proceso de modernizaci\u00f3n agr\u00edcola. A principios de los cincuenta todav\u00eda era una agricultura atrasada tecnol\u00f3gicamente, con 225 carros frente a un cami\u00f3n. Todav\u00eda se necesitaba ir a segar a Castilla, al arroz de la Ribera, a Francia y perviv\u00eda el pago a las tiendas al volver de estos trabajos. Tambi\u00e9n la b\u00fasqueda de nuevos negocios, como el Balneario de la Buscaita. Cuando la autarqu\u00eda iniciaba su declive desde 1952, la vi\u00f1a y sus productos comerciales ampliaron su presencia para unirse a la carrera exportadora posteriormente con el moscatel. El agua, siempre deseada empez\u00f3 a llegar para diversificar el agro local en los sesenta, con el naranjo.[\/vc_column_text][\/vc_column_inner][\/vc_row_inner][\/vc_column][\/vc_row][vc_row css_animation=\u00bb\u00bb row_type=\u00bbrow\u00bb use_row_as_full_screen_section=\u00bbno\u00bb type=\u00bbgrid\u00bb angled_section=\u00bbno\u00bb text_align=\u00bbleft\u00bb background_image_as_pattern=\u00bbwithout_pattern\u00bb z_index=\u00bb\u00bb][vc_column width=\u00bb1\/3&#8243;][vc_btn title=\u00bbEntrevistas\u00bb style=\u00bbcustom\u00bb custom_background=\u00bb#9b0000&#8243; custom_text=\u00bb#ffffff\u00bb shape=\u00bbsquare\u00bb align=\u00bbleft\u00bb i_align=\u00bbright\u00bb i_icon_fontawesome=\u00bbfas fa-play\u00bb button_block=\u00bbtrue\u00bb add_icon=\u00bbtrue\u00bb link=\u00bburl:https%3A%2F%2Fmemoria.montserrat.es%2Fes%2Fposguerra-en-montserrat%2Fel-estraperlo-intentado-sobrevivir%2Fel-estraperlo-intentando-sobrevivir-entrevistas%2F|title:L%E2%80%99estraperlo.%20Intentant%20sobreviure%20%E2%80%93%20Entrevistes\u00bb][\/vc_column][vc_column width=\u00bb1\/3&#8243;][\/vc_column][vc_column width=\u00bb1\/3&#8243;][\/vc_column][\/vc_row][vc_row css_animation=\u00bb\u00bb row_type=\u00bbrow\u00bb use_row_as_full_screen_section=\u00bbno\u00bb type=\u00bbfull_width\u00bb angled_section=\u00bbno\u00bb text_align=\u00bbleft\u00bb background_image_as_pattern=\u00bbwithout_pattern\u00bb][vc_column][vc_masonry_media_grid element_width=\u00bb3&#8243; gap=\u00bb10&#8243; item=\u00bb263&#8243; grid_id=\u00bbvc_gid:1677061628327-d65ab687-67b3-5&#8243; include=\u00bb6094,6096,6098,6100,6102,6104,6106,6108,6110,6112,6114,6116,6118,6120,6122,6124,6126,6128,6130,6132,6134,6136&#8243;][\/vc_column][\/vc_row]<\/p>\n","protected":false},"excerpt":{"rendered":"<p>[vc_row css_animation=\u00bb\u00bb row_type=\u00bbrow\u00bb use_row_as_full_screen_section=\u00bbno\u00bb type=\u00bbfull_width\u00bb angled_section=\u00bbno\u00bb text_align=\u00bbleft\u00bb background_image_as_pattern=\u00bbwithout_pattern\u00bb z_index=\u00bb\u00bb css=\u00bb.vc_custom_1666173725657{margin-bottom: 0px !important;padding-bottom: 50px !important;background-position: center !important;background-repeat: no-repeat !important;background-size: contain !important;}\u00bb el_class=\u00bb.imatge_fons\u00bb][vc_column][vc_row_inner row_type=\u00bbrow\u00bb type=\u00bbgrid\u00bb text_align=\u00bbleft\u00bb css_animation=\u00bb\u00bb padding_top=\u00bb50%\u00bb][vc_column_inner width=\u00bb1\/6&#8243; css=\u00bb.vc_custom_1647631464667{margin-right: 0px !important;margin-left: -100px !important;padding-right: 0px !important;}\u00bb offset=\u00bbvc_hidden-sm vc_hidden-xs\u00bb][vc_column_text el_class=\u00bb.num_capitol\u00bb]04[\/vc_column_text][\/vc_column_inner][vc_column_inner width=\u00bb1\/2&#8243; css=\u00bb.vc_custom_1647631470542{margin-left: -100px !important;padding-left: 0px !important;}\u00bb offset=\u00bbvc_hidden-sm vc_hidden-xs\u00bb][vc_column_text&#8230;<\/p>\n","protected":false},"author":1,"featured_media":0,"parent":2713,"menu_order":0,"comment_status":"closed","ping_status":"closed","template":"full_width.php","meta":{"_monsterinsights_skip_tracking":false,"_monsterinsights_sitenote_active":false,"_monsterinsights_sitenote_note":"","_monsterinsights_sitenote_category":0,"footnotes":""},"class_list":["post-6511","page","type-page","status-publish","hentry"],"yoast_head":"<!-- This site is optimized with the Yoast SEO plugin v21.4 - https:\/\/yoast.com\/wordpress\/plugins\/seo\/ -->\n<title>El estraperlo. Intentando sobrevivir - Mem\u00f2ria recobrada de Montserrat<\/title>\n<meta name=\"robots\" content=\"index, follow, max-snippet:-1, max-image-preview:large, max-video-preview:-1\" \/>\n<link rel=\"canonical\" href=\"https:\/\/memoria.montserrat.es\/es\/posguerra-en-montserrat\/el-estraperlo-intentado-sobrevivir\/\" \/>\n<meta property=\"og:locale\" content=\"es_ES\" \/>\n<meta property=\"og:type\" content=\"article\" \/>\n<meta property=\"og:title\" content=\"El estraperlo. Intentando sobrevivir - Mem\u00f2ria recobrada de Montserrat\" \/>\n<meta property=\"og:description\" content=\"[vc_row css_animation=\u00bb\u00bb row_type=\u00bbrow\u00bb use_row_as_full_screen_section=\u00bbno\u00bb type=\u00bbfull_width\u00bb angled_section=\u00bbno\u00bb text_align=\u00bbleft\u00bb background_image_as_pattern=\u00bbwithout_pattern\u00bb z_index=\u00bb\u00bb css=\u00bb.vc_custom_1666173725657{margin-bottom: 0px !important;padding-bottom: 50px !important;background-position: center !important;background-repeat: no-repeat !important;background-size: contain !important;}\u00bb el_class=\u00bb.imatge_fons\u00bb][vc_column][vc_row_inner row_type=\u00bbrow\u00bb type=\u00bbgrid\u00bb text_align=\u00bbleft\u00bb css_animation=\u00bb\u00bb padding_top=\u00bb50%\u00bb][vc_column_inner width=\u00bb1\/6&#8243; css=\u00bb.vc_custom_1647631464667{margin-right: 0px !important;margin-left: -100px !important;padding-right: 0px !important;}\u00bb offset=\u00bbvc_hidden-sm vc_hidden-xs\u00bb][vc_column_text el_class=\u00bb.num_capitol\u00bb]04[\/vc_column_text][\/vc_column_inner][vc_column_inner width=\u00bb1\/2&#8243; css=\u00bb.vc_custom_1647631470542{margin-left: -100px !important;padding-left: 0px !important;}\u00bb offset=\u00bbvc_hidden-sm vc_hidden-xs\u00bb][vc_column_text...\" \/>\n<meta property=\"og:url\" content=\"https:\/\/memoria.montserrat.es\/es\/posguerra-en-montserrat\/el-estraperlo-intentado-sobrevivir\/\" \/>\n<meta property=\"og:site_name\" content=\"Mem\u00f2ria recobrada de Montserrat\" \/>\n<meta property=\"article:modified_time\" content=\"2023-02-22T10:27:38+00:00\" \/>\n<meta name=\"twitter:card\" content=\"summary_large_image\" \/>\n<meta name=\"twitter:label1\" content=\"Tiempo de lectura\" \/>\n\t<meta name=\"twitter:data1\" content=\"6 minutos\" \/>\n<script type=\"application\/ld+json\" class=\"yoast-schema-graph\">{\"@context\":\"https:\/\/schema.org\",\"@graph\":[{\"@type\":\"WebPage\",\"@id\":\"https:\/\/memoria.montserrat.es\/es\/posguerra-en-montserrat\/el-estraperlo-intentado-sobrevivir\/\",\"url\":\"https:\/\/memoria.montserrat.es\/es\/posguerra-en-montserrat\/el-estraperlo-intentado-sobrevivir\/\",\"name\":\"El estraperlo. Intentando sobrevivir - Mem\u00f2ria recobrada de Montserrat\",\"isPartOf\":{\"@id\":\"https:\/\/memoria.montserrat.es\/es\/#website\"},\"datePublished\":\"2022-03-21T17:48:48+00:00\",\"dateModified\":\"2023-02-22T10:27:38+00:00\",\"breadcrumb\":{\"@id\":\"https:\/\/memoria.montserrat.es\/es\/posguerra-en-montserrat\/el-estraperlo-intentado-sobrevivir\/#breadcrumb\"},\"inLanguage\":\"es\",\"potentialAction\":[{\"@type\":\"ReadAction\",\"target\":[\"https:\/\/memoria.montserrat.es\/es\/posguerra-en-montserrat\/el-estraperlo-intentado-sobrevivir\/\"]}]},{\"@type\":\"BreadcrumbList\",\"@id\":\"https:\/\/memoria.montserrat.es\/es\/posguerra-en-montserrat\/el-estraperlo-intentado-sobrevivir\/#breadcrumb\",\"itemListElement\":[{\"@type\":\"ListItem\",\"position\":1,\"name\":\"Inici\",\"item\":\"https:\/\/memoria.montserrat.es\/es\/\"},{\"@type\":\"ListItem\",\"position\":2,\"name\":\"posguerra en montserrat\",\"item\":\"https:\/\/memoria.montserrat.es\/es\/posguerra-en-montserrat\/\"},{\"@type\":\"ListItem\",\"position\":3,\"name\":\"El estraperlo. Intentando sobrevivir\"}]},{\"@type\":\"WebSite\",\"@id\":\"https:\/\/memoria.montserrat.es\/es\/#website\",\"url\":\"https:\/\/memoria.montserrat.es\/es\/\",\"name\":\"Mem\u00f2ria recobrada de Montserrat\",\"description\":\"La veu d&#039;un poble\",\"publisher\":{\"@id\":\"https:\/\/memoria.montserrat.es\/es\/#organization\"},\"potentialAction\":[{\"@type\":\"SearchAction\",\"target\":{\"@type\":\"EntryPoint\",\"urlTemplate\":\"https:\/\/memoria.montserrat.es\/es\/?s={search_term_string}\"},\"query-input\":\"required name=search_term_string\"}],\"inLanguage\":\"es\"},{\"@type\":\"Organization\",\"@id\":\"https:\/\/memoria.montserrat.es\/es\/#organization\",\"name\":\"Mem\u00f2ria recobrada de Montserrat\",\"url\":\"https:\/\/memoria.montserrat.es\/es\/\",\"logo\":{\"@type\":\"ImageObject\",\"inLanguage\":\"es\",\"@id\":\"https:\/\/memoria.montserrat.es\/es\/#\/schema\/logo\/image\/\",\"url\":\"https:\/\/memoria.montserrat.es\/wp-content\/uploads\/2023\/02\/memoria_montserrat_logo.png\",\"contentUrl\":\"https:\/\/memoria.montserrat.es\/wp-content\/uploads\/2023\/02\/memoria_montserrat_logo.png\",\"width\":1952,\"height\":788,\"caption\":\"Mem\u00f2ria recobrada de Montserrat\"},\"image\":{\"@id\":\"https:\/\/memoria.montserrat.es\/es\/#\/schema\/logo\/image\/\"}}]}<\/script>\n<!-- \/ Yoast SEO plugin. -->","yoast_head_json":{"title":"El estraperlo. Intentando sobrevivir - Mem\u00f2ria recobrada de Montserrat","robots":{"index":"index","follow":"follow","max-snippet":"max-snippet:-1","max-image-preview":"max-image-preview:large","max-video-preview":"max-video-preview:-1"},"canonical":"https:\/\/memoria.montserrat.es\/es\/posguerra-en-montserrat\/el-estraperlo-intentado-sobrevivir\/","og_locale":"es_ES","og_type":"article","og_title":"El estraperlo. Intentando sobrevivir - Mem\u00f2ria recobrada de Montserrat","og_description":"[vc_row css_animation=\u00bb\u00bb row_type=\u00bbrow\u00bb use_row_as_full_screen_section=\u00bbno\u00bb type=\u00bbfull_width\u00bb angled_section=\u00bbno\u00bb text_align=\u00bbleft\u00bb background_image_as_pattern=\u00bbwithout_pattern\u00bb z_index=\u00bb\u00bb css=\u00bb.vc_custom_1666173725657{margin-bottom: 0px !important;padding-bottom: 50px !important;background-position: center !important;background-repeat: no-repeat !important;background-size: contain !important;}\u00bb el_class=\u00bb.imatge_fons\u00bb][vc_column][vc_row_inner row_type=\u00bbrow\u00bb type=\u00bbgrid\u00bb text_align=\u00bbleft\u00bb css_animation=\u00bb\u00bb padding_top=\u00bb50%\u00bb][vc_column_inner width=\u00bb1\/6&#8243; css=\u00bb.vc_custom_1647631464667{margin-right: 0px !important;margin-left: -100px !important;padding-right: 0px !important;}\u00bb offset=\u00bbvc_hidden-sm vc_hidden-xs\u00bb][vc_column_text el_class=\u00bb.num_capitol\u00bb]04[\/vc_column_text][\/vc_column_inner][vc_column_inner width=\u00bb1\/2&#8243; css=\u00bb.vc_custom_1647631470542{margin-left: -100px !important;padding-left: 0px !important;}\u00bb offset=\u00bbvc_hidden-sm vc_hidden-xs\u00bb][vc_column_text...","og_url":"https:\/\/memoria.montserrat.es\/es\/posguerra-en-montserrat\/el-estraperlo-intentado-sobrevivir\/","og_site_name":"Mem\u00f2ria recobrada de Montserrat","article_modified_time":"2023-02-22T10:27:38+00:00","twitter_card":"summary_large_image","twitter_misc":{"Tiempo de lectura":"6 minutos"},"schema":{"@context":"https:\/\/schema.org","@graph":[{"@type":"WebPage","@id":"https:\/\/memoria.montserrat.es\/es\/posguerra-en-montserrat\/el-estraperlo-intentado-sobrevivir\/","url":"https:\/\/memoria.montserrat.es\/es\/posguerra-en-montserrat\/el-estraperlo-intentado-sobrevivir\/","name":"El estraperlo. Intentando sobrevivir - Mem\u00f2ria recobrada de Montserrat","isPartOf":{"@id":"https:\/\/memoria.montserrat.es\/es\/#website"},"datePublished":"2022-03-21T17:48:48+00:00","dateModified":"2023-02-22T10:27:38+00:00","breadcrumb":{"@id":"https:\/\/memoria.montserrat.es\/es\/posguerra-en-montserrat\/el-estraperlo-intentado-sobrevivir\/#breadcrumb"},"inLanguage":"es","potentialAction":[{"@type":"ReadAction","target":["https:\/\/memoria.montserrat.es\/es\/posguerra-en-montserrat\/el-estraperlo-intentado-sobrevivir\/"]}]},{"@type":"BreadcrumbList","@id":"https:\/\/memoria.montserrat.es\/es\/posguerra-en-montserrat\/el-estraperlo-intentado-sobrevivir\/#breadcrumb","itemListElement":[{"@type":"ListItem","position":1,"name":"Inici","item":"https:\/\/memoria.montserrat.es\/es\/"},{"@type":"ListItem","position":2,"name":"posguerra en montserrat","item":"https:\/\/memoria.montserrat.es\/es\/posguerra-en-montserrat\/"},{"@type":"ListItem","position":3,"name":"El estraperlo. Intentando sobrevivir"}]},{"@type":"WebSite","@id":"https:\/\/memoria.montserrat.es\/es\/#website","url":"https:\/\/memoria.montserrat.es\/es\/","name":"Mem\u00f2ria recobrada de Montserrat","description":"La veu d&#039;un poble","publisher":{"@id":"https:\/\/memoria.montserrat.es\/es\/#organization"},"potentialAction":[{"@type":"SearchAction","target":{"@type":"EntryPoint","urlTemplate":"https:\/\/memoria.montserrat.es\/es\/?s={search_term_string}"},"query-input":"required name=search_term_string"}],"inLanguage":"es"},{"@type":"Organization","@id":"https:\/\/memoria.montserrat.es\/es\/#organization","name":"Mem\u00f2ria recobrada de Montserrat","url":"https:\/\/memoria.montserrat.es\/es\/","logo":{"@type":"ImageObject","inLanguage":"es","@id":"https:\/\/memoria.montserrat.es\/es\/#\/schema\/logo\/image\/","url":"https:\/\/memoria.montserrat.es\/wp-content\/uploads\/2023\/02\/memoria_montserrat_logo.png","contentUrl":"https:\/\/memoria.montserrat.es\/wp-content\/uploads\/2023\/02\/memoria_montserrat_logo.png","width":1952,"height":788,"caption":"Mem\u00f2ria recobrada de Montserrat"},"image":{"@id":"https:\/\/memoria.montserrat.es\/es\/#\/schema\/logo\/image\/"}}]}},"_links":{"self":[{"href":"https:\/\/memoria.montserrat.es\/es\/wp-json\/wp\/v2\/pages\/6511","targetHints":{"allow":["GET"]}}],"collection":[{"href":"https:\/\/memoria.montserrat.es\/es\/wp-json\/wp\/v2\/pages"}],"about":[{"href":"https:\/\/memoria.montserrat.es\/es\/wp-json\/wp\/v2\/types\/page"}],"author":[{"embeddable":true,"href":"https:\/\/memoria.montserrat.es\/es\/wp-json\/wp\/v2\/users\/1"}],"replies":[{"embeddable":true,"href":"https:\/\/memoria.montserrat.es\/es\/wp-json\/wp\/v2\/comments?post=6511"}],"version-history":[{"count":6,"href":"https:\/\/memoria.montserrat.es\/es\/wp-json\/wp\/v2\/pages\/6511\/revisions"}],"predecessor-version":[{"id":6665,"href":"https:\/\/memoria.montserrat.es\/es\/wp-json\/wp\/v2\/pages\/6511\/revisions\/6665"}],"up":[{"embeddable":true,"href":"https:\/\/memoria.montserrat.es\/es\/wp-json\/wp\/v2\/pages\/2713"}],"wp:attachment":[{"href":"https:\/\/memoria.montserrat.es\/es\/wp-json\/wp\/v2\/media?parent=6511"}],"curies":[{"name":"wp","href":"https:\/\/api.w.org\/{rel}","templated":true}]}}