{"id":6378,"date":"2022-03-21T12:43:02","date_gmt":"2022-03-21T10:43:02","guid":{"rendered":"https:\/\/memoria.montserrat.es\/la-segona-republica\/montserrat-politica-local-des-de-ajuntament\/"},"modified":"2023-02-22T10:48:14","modified_gmt":"2023-02-22T08:48:14","slug":"montserrat-politica-local-desde-ayuntamiento","status":"publish","type":"page","link":"https:\/\/memoria.montserrat.es\/es\/la-segunda-republica\/montserrat-politica-local-desde-ayuntamiento\/","title":{"rendered":"Montserrat. La pol\u00edtica local desde el Ayuntamiento"},"content":{"rendered":"<p>[vc_row css_animation=\u00bb\u00bb row_type=\u00bbrow\u00bb use_row_as_full_screen_section=\u00bbno\u00bb type=\u00bbfull_width\u00bb angled_section=\u00bbno\u00bb text_align=\u00bbleft\u00bb background_image_as_pattern=\u00bbwithout_pattern\u00bb z_index=\u00bb\u00bb css=\u00bb.vc_custom_1665397915498{margin-bottom: 50px !important;background-position: center !important;background-repeat: no-repeat !important;background-size: contain !important;}\u00bb el_class=\u00bb.imatge_fons\u00bb][vc_column][vc_row_inner row_type=\u00bbrow\u00bb type=\u00bbgrid\u00bb text_align=\u00bbleft\u00bb css_animation=\u00bb\u00bb padding_top=\u00bb50%\u00bb][vc_column_inner width=\u00bb1\/6&#8243; css=\u00bb.vc_custom_1647631464667{margin-right: 0px !important;margin-left: -100px !important;padding-right: 0px !important;}\u00bb offset=\u00bbvc_hidden-sm vc_hidden-xs\u00bb][vc_column_text el_class=\u00bb.num_capitol\u00bb]07[\/vc_column_text][\/vc_column_inner][vc_column_inner width=\u00bb7\/12&#8243; css=\u00bb.vc_custom_1647631470542{margin-left: -100px !important;padding-left: 0px !important;}\u00bb offset=\u00bbvc_hidden-sm vc_hidden-xs\u00bb][vc_column_text el_class=\u00bb.titol_capitol\u00bb]<\/p>\n<h1>Montserrat<br \/>\n<span class=\"subtitol\">La pol\u00edtica local desde el Ayuntamiento<\/span><\/h1>\n<p>[\/vc_column_text][\/vc_column_inner][vc_column_inner width=\u00bb1\/4&#8243; offset=\u00bbvc_hidden-sm vc_hidden-xs\u00bb][vc_column_text el_class=\u00bb.etiqueta_mare\u00bb]<\/p>\n<h3><\/h3>\n<h3 style=\"text-align: right;\"><span class=\"roig\">SEGUNDA<\/span>REP\u00daBLICA<\/h3>\n<p>[\/vc_column_text][\/vc_column_inner][\/vc_row_inner][vc_row_inner row_type=\u00bbrow\u00bb type=\u00bbfull_width\u00bb text_align=\u00bbleft\u00bb css_animation=\u00bb\u00bb css=\u00bb.vc_custom_1647632187031{margin-left: 2% !important;}\u00bb][vc_column_inner offset=\u00bbvc_hidden-lg vc_hidden-md\u00bb css=\u00bb.vc_custom_1647632140819{margin-top: 50px !important;}\u00bb][vc_column_text el_class=\u00bb.num_capitol_mobile\u00bb css=\u00bb.vc_custom_1647859432746{margin-bottom: 50px !important;}\u00bb]07[\/vc_column_text][vc_column_text el_class=\u00bb.titol_capitol_mobile\u00bb]<\/p>\n<h1>Montserrat<br \/>\n<span class=\"subtitol\">La pol\u00edtica local desde el Ayuntamiento<\/span><\/h1>\n<p>[\/vc_column_text][vc_column_text el_class=\u00bb.etiqueta_mare\u00bb]<\/p>\n<h3 style=\"text-align: left;\"><span class=\"roig\">SEGUNDA<\/span>REP\u00daBLICA<\/h3>\n<p>[\/vc_column_text][\/vc_column_inner][\/vc_row_inner][vc_row_inner row_type=\u00bbrow\u00bb type=\u00bbfull_width\u00bb text_align=\u00bbleft\u00bb css_animation=\u00bb\u00bb][vc_column_inner][vc_single_image image=\u00bb54&#8243; img_size=\u00bbfull\u00bb alignment=\u00bbcenter\u00bb qode_css_animation=\u00bb\u00bb][\/vc_column_inner][\/vc_row_inner][vc_row_inner row_type=\u00bbrow\u00bb type=\u00bbgrid\u00bb text_align=\u00bbleft\u00bb css_animation=\u00bb\u00bb css=\u00bb.vc_custom_1647628966339{margin-top: 30px !important;margin-right: 2% !important;margin-left: 2% !important;}\u00bb][vc_column_inner][vc_column_text]Las elecciones municipales del 12 de abril de 1931 fueron impugnadas por irregularidades caciquiles. Su repetici\u00f3n un 31 de mayo otorg\u00f3 la totalidad de las diez concejal\u00edas al republicanismo blasquista de centro-izquierda gracias al voto obrero. Francisco Campos Maf\u00e9, propietario de un taller de arados romanos ocup\u00f3 la alcald\u00eda hasta su dimisi\u00f3n en septiembre de 1934, sustituido por Jos\u00e9 Chas\u00e1n Ribes, que ser\u00eda alcalde hasta la Guerra Civil. Se trataba de una figura com\u00fan en la \u00e9poca: un obrero autodidacta, lector empedernido y escritor. Esta mayor\u00eda inamovible y las carencias archiv\u00edsticas impiden conocer los principales debates de la pol\u00edtica local.<\/p>\n<p>El Ayuntamiento republicano, en unos a\u00f1os de intensa crisis agr\u00edcola, intent\u00f3 dar respuesta a algunos de los principales problemas de la poblaci\u00f3n. Con unas arcas p\u00fablicas muy limitadas debido a la ausencia de pol\u00edticas fiscales distributivas, el consistorio demandaba imperiosamente subvenciones estatales para mitigar el paro obrero y proseguir con la reforma urbana proyectada en marzo de 1931. Las carencias h\u00eddricas y sanitarias (alcantarillado, agua para el vecindario), como se\u00f1alaba el Ayuntamiento a la C\u00e1mara Oficial de Comercio, eran preocupantes. El alcalde Jos\u00e9 Chas\u00e1n proyect\u00f3 un ambicioso plan para conducir el agua a la totalidad del casco urbano con garant\u00edas de continuidad. Se denunci\u00f3 las reiteradas ausencias del m\u00e9dico titular.<\/p>\n<p>Se impuls\u00f3 la republicanizaci\u00f3n de la sociedad con cambios en el viario p\u00fablico con nombres del santoral republicano (Ferm\u00edn Gal\u00e1n, Garc\u00eda Hern\u00e1ndez, Vicente Blasco Ib\u00e1\u00f1ez) y libertarios (Francisco Ferrer) o los festejos conmemorativos del 14 de abril. La secularizaci\u00f3n y la cultura formaban parte del ideario republicano. Por ello se llevaron a cabo distintas medidas para separar lo p\u00fablico de lo religioso, as\u00ed como una pol\u00edtica educativa que iba m\u00e1s all\u00e1 de la construcci\u00f3n de un nuevo centro escolar (biblioteca, escuela de adultos). El programa regionalista del blasquismo se aplic\u00f3 con la declaraci\u00f3n municipal a favor del Estatut de Autonom\u00eda.[\/vc_column_text][\/vc_column_inner][\/vc_row_inner][\/vc_column][\/vc_row][vc_row css_animation=\u00bb\u00bb row_type=\u00bbrow\u00bb use_row_as_full_screen_section=\u00bbno\u00bb type=\u00bbgrid\u00bb angled_section=\u00bbno\u00bb text_align=\u00bbleft\u00bb background_image_as_pattern=\u00bbwithout_pattern\u00bb z_index=\u00bb\u00bb][vc_column width=\u00bb1\/3&#8243;][vc_btn title=\u00bbEntrevistas\u00bb style=\u00bbcustom\u00bb custom_background=\u00bb#9e0000&#8243; custom_text=\u00bb#ffffff\u00bb shape=\u00bbsquare\u00bb align=\u00bbleft\u00bb i_align=\u00bbright\u00bb i_icon_fontawesome=\u00bbfas fa-play\u00bb button_block=\u00bbtrue\u00bb add_icon=\u00bbtrue\u00bb link=\u00bburl:https%3A%2F%2Fmemoria.montserrat.es%2Fes%2Fla-segunda-republica%2Fmontserrat-politica-local-desde-ayuntamiento%2Fmontserrat-la-politica-local-desde-el-ayuntamiento-entrevistas%2F|title:MONTSERRAT%20La%20pol%C3%ADtica%20local%20desde%20el%20Ayuntamiento%20%E2%80%93%20Entrevistas\u00bb][\/vc_column][vc_column width=\u00bb1\/3&#8243;][\/vc_column][vc_column width=\u00bb1\/3&#8243;][\/vc_column][\/vc_row][vc_row css_animation=\u00bb\u00bb row_type=\u00bbrow\u00bb use_row_as_full_screen_section=\u00bbno\u00bb type=\u00bbfull_width\u00bb angled_section=\u00bbno\u00bb text_align=\u00bbleft\u00bb background_image_as_pattern=\u00bbwithout_pattern\u00bb][vc_column][vc_masonry_media_grid element_width=\u00bb3&#8243; gap=\u00bb10&#8243; item=\u00bb263&#8243; grid_id=\u00bbvc_gid:1677055675353-b62e05c4-6a19-10&#8243; include=\u00bb5070,5072,5074,5076,5078,5080,5082,5084,5086,5088,5090,5092,5094,5096,5098,5100,5104,5106,5108,5110,5112,5114,5116,5118,5120&#8243;][\/vc_column][\/vc_row]<\/p>\n","protected":false},"excerpt":{"rendered":"<p>[vc_row css_animation=\u00bb\u00bb row_type=\u00bbrow\u00bb use_row_as_full_screen_section=\u00bbno\u00bb type=\u00bbfull_width\u00bb angled_section=\u00bbno\u00bb text_align=\u00bbleft\u00bb background_image_as_pattern=\u00bbwithout_pattern\u00bb z_index=\u00bb\u00bb css=\u00bb.vc_custom_1665397915498{margin-bottom: 50px !important;background-position: center !important;background-repeat: no-repeat !important;background-size: contain !important;}\u00bb el_class=\u00bb.imatge_fons\u00bb][vc_column][vc_row_inner row_type=\u00bbrow\u00bb type=\u00bbgrid\u00bb text_align=\u00bbleft\u00bb css_animation=\u00bb\u00bb padding_top=\u00bb50%\u00bb][vc_column_inner width=\u00bb1\/6&#8243; css=\u00bb.vc_custom_1647631464667{margin-right: 0px !important;margin-left: -100px !important;padding-right: 0px !important;}\u00bb offset=\u00bbvc_hidden-sm vc_hidden-xs\u00bb][vc_column_text el_class=\u00bb.num_capitol\u00bb]07[\/vc_column_text][\/vc_column_inner][vc_column_inner width=\u00bb7\/12&#8243; css=\u00bb.vc_custom_1647631470542{margin-left: -100px !important;padding-left: 0px !important;}\u00bb offset=\u00bbvc_hidden-sm vc_hidden-xs\u00bb][vc_column_text el_class=\u00bb.titol_capitol\u00bb] Montserrat&#8230;<\/p>\n","protected":false},"author":1,"featured_media":0,"parent":2254,"menu_order":0,"comment_status":"closed","ping_status":"closed","template":"full_width.php","meta":{"_monsterinsights_skip_tracking":false,"_monsterinsights_sitenote_active":false,"_monsterinsights_sitenote_note":"","_monsterinsights_sitenote_category":0,"footnotes":""},"class_list":["post-6378","page","type-page","status-publish","hentry"],"yoast_head":"<!-- This site is optimized with the Yoast SEO plugin v21.4 - https:\/\/yoast.com\/wordpress\/plugins\/seo\/ -->\n<title>Montserrat. La pol\u00edtica local desde el Ayuntamiento - Mem\u00f2ria recobrada de Montserrat<\/title>\n<meta name=\"robots\" content=\"index, follow, max-snippet:-1, max-image-preview:large, max-video-preview:-1\" \/>\n<link rel=\"canonical\" href=\"https:\/\/memoria.montserrat.es\/es\/la-segunda-republica\/montserrat-politica-local-desde-ayuntamiento\/\" \/>\n<meta property=\"og:locale\" content=\"es_ES\" \/>\n<meta property=\"og:type\" content=\"article\" \/>\n<meta property=\"og:title\" content=\"Montserrat. La pol\u00edtica local desde el Ayuntamiento - Mem\u00f2ria recobrada de Montserrat\" \/>\n<meta property=\"og:description\" content=\"[vc_row css_animation=\u00bb\u00bb row_type=\u00bbrow\u00bb use_row_as_full_screen_section=\u00bbno\u00bb type=\u00bbfull_width\u00bb angled_section=\u00bbno\u00bb text_align=\u00bbleft\u00bb background_image_as_pattern=\u00bbwithout_pattern\u00bb z_index=\u00bb\u00bb css=\u00bb.vc_custom_1665397915498{margin-bottom: 50px !important;background-position: center !important;background-repeat: no-repeat !important;background-size: contain !important;}\u00bb el_class=\u00bb.imatge_fons\u00bb][vc_column][vc_row_inner row_type=\u00bbrow\u00bb type=\u00bbgrid\u00bb text_align=\u00bbleft\u00bb css_animation=\u00bb\u00bb padding_top=\u00bb50%\u00bb][vc_column_inner width=\u00bb1\/6&#8243; css=\u00bb.vc_custom_1647631464667{margin-right: 0px !important;margin-left: -100px !important;padding-right: 0px !important;}\u00bb offset=\u00bbvc_hidden-sm vc_hidden-xs\u00bb][vc_column_text el_class=\u00bb.num_capitol\u00bb]07[\/vc_column_text][\/vc_column_inner][vc_column_inner width=\u00bb7\/12&#8243; css=\u00bb.vc_custom_1647631470542{margin-left: -100px !important;padding-left: 0px !important;}\u00bb offset=\u00bbvc_hidden-sm vc_hidden-xs\u00bb][vc_column_text el_class=\u00bb.titol_capitol\u00bb] Montserrat...\" \/>\n<meta property=\"og:url\" content=\"https:\/\/memoria.montserrat.es\/es\/la-segunda-republica\/montserrat-politica-local-desde-ayuntamiento\/\" \/>\n<meta property=\"og:site_name\" content=\"Mem\u00f2ria recobrada de Montserrat\" \/>\n<meta property=\"article:modified_time\" content=\"2023-02-22T08:48:14+00:00\" \/>\n<meta name=\"twitter:card\" content=\"summary_large_image\" \/>\n<meta name=\"twitter:label1\" content=\"Tiempo de lectura\" \/>\n\t<meta name=\"twitter:data1\" content=\"4 minutos\" \/>\n<script type=\"application\/ld+json\" class=\"yoast-schema-graph\">{\"@context\":\"https:\/\/schema.org\",\"@graph\":[{\"@type\":\"WebPage\",\"@id\":\"https:\/\/memoria.montserrat.es\/es\/la-segunda-republica\/montserrat-politica-local-desde-ayuntamiento\/\",\"url\":\"https:\/\/memoria.montserrat.es\/es\/la-segunda-republica\/montserrat-politica-local-desde-ayuntamiento\/\",\"name\":\"Montserrat. La pol\u00edtica local desde el Ayuntamiento - Mem\u00f2ria recobrada de Montserrat\",\"isPartOf\":{\"@id\":\"https:\/\/memoria.montserrat.es\/es\/#website\"},\"datePublished\":\"2022-03-21T10:43:02+00:00\",\"dateModified\":\"2023-02-22T08:48:14+00:00\",\"breadcrumb\":{\"@id\":\"https:\/\/memoria.montserrat.es\/es\/la-segunda-republica\/montserrat-politica-local-desde-ayuntamiento\/#breadcrumb\"},\"inLanguage\":\"es\",\"potentialAction\":[{\"@type\":\"ReadAction\",\"target\":[\"https:\/\/memoria.montserrat.es\/es\/la-segunda-republica\/montserrat-politica-local-desde-ayuntamiento\/\"]}]},{\"@type\":\"BreadcrumbList\",\"@id\":\"https:\/\/memoria.montserrat.es\/es\/la-segunda-republica\/montserrat-politica-local-desde-ayuntamiento\/#breadcrumb\",\"itemListElement\":[{\"@type\":\"ListItem\",\"position\":1,\"name\":\"Inici\",\"item\":\"https:\/\/memoria.montserrat.es\/es\/\"},{\"@type\":\"ListItem\",\"position\":2,\"name\":\"SEGUNDA REP\u00daBLICA\",\"item\":\"https:\/\/memoria.montserrat.es\/es\/la-segunda-republica\/\"},{\"@type\":\"ListItem\",\"position\":3,\"name\":\"Montserrat. La pol\u00edtica local desde el Ayuntamiento\"}]},{\"@type\":\"WebSite\",\"@id\":\"https:\/\/memoria.montserrat.es\/es\/#website\",\"url\":\"https:\/\/memoria.montserrat.es\/es\/\",\"name\":\"Mem\u00f2ria recobrada de Montserrat\",\"description\":\"La veu d&#039;un poble\",\"publisher\":{\"@id\":\"https:\/\/memoria.montserrat.es\/es\/#organization\"},\"potentialAction\":[{\"@type\":\"SearchAction\",\"target\":{\"@type\":\"EntryPoint\",\"urlTemplate\":\"https:\/\/memoria.montserrat.es\/es\/?s={search_term_string}\"},\"query-input\":\"required name=search_term_string\"}],\"inLanguage\":\"es\"},{\"@type\":\"Organization\",\"@id\":\"https:\/\/memoria.montserrat.es\/es\/#organization\",\"name\":\"Mem\u00f2ria recobrada de Montserrat\",\"url\":\"https:\/\/memoria.montserrat.es\/es\/\",\"logo\":{\"@type\":\"ImageObject\",\"inLanguage\":\"es\",\"@id\":\"https:\/\/memoria.montserrat.es\/es\/#\/schema\/logo\/image\/\",\"url\":\"https:\/\/memoria.montserrat.es\/wp-content\/uploads\/2023\/02\/memoria_montserrat_logo.png\",\"contentUrl\":\"https:\/\/memoria.montserrat.es\/wp-content\/uploads\/2023\/02\/memoria_montserrat_logo.png\",\"width\":1952,\"height\":788,\"caption\":\"Mem\u00f2ria recobrada de Montserrat\"},\"image\":{\"@id\":\"https:\/\/memoria.montserrat.es\/es\/#\/schema\/logo\/image\/\"}}]}<\/script>\n<!-- \/ Yoast SEO plugin. -->","yoast_head_json":{"title":"Montserrat. La pol\u00edtica local desde el Ayuntamiento - Mem\u00f2ria recobrada de Montserrat","robots":{"index":"index","follow":"follow","max-snippet":"max-snippet:-1","max-image-preview":"max-image-preview:large","max-video-preview":"max-video-preview:-1"},"canonical":"https:\/\/memoria.montserrat.es\/es\/la-segunda-republica\/montserrat-politica-local-desde-ayuntamiento\/","og_locale":"es_ES","og_type":"article","og_title":"Montserrat. La pol\u00edtica local desde el Ayuntamiento - Mem\u00f2ria recobrada de Montserrat","og_description":"[vc_row css_animation=\u00bb\u00bb row_type=\u00bbrow\u00bb use_row_as_full_screen_section=\u00bbno\u00bb type=\u00bbfull_width\u00bb angled_section=\u00bbno\u00bb text_align=\u00bbleft\u00bb background_image_as_pattern=\u00bbwithout_pattern\u00bb z_index=\u00bb\u00bb css=\u00bb.vc_custom_1665397915498{margin-bottom: 50px !important;background-position: center !important;background-repeat: no-repeat !important;background-size: contain !important;}\u00bb el_class=\u00bb.imatge_fons\u00bb][vc_column][vc_row_inner row_type=\u00bbrow\u00bb type=\u00bbgrid\u00bb text_align=\u00bbleft\u00bb css_animation=\u00bb\u00bb padding_top=\u00bb50%\u00bb][vc_column_inner width=\u00bb1\/6&#8243; css=\u00bb.vc_custom_1647631464667{margin-right: 0px !important;margin-left: -100px !important;padding-right: 0px !important;}\u00bb offset=\u00bbvc_hidden-sm vc_hidden-xs\u00bb][vc_column_text el_class=\u00bb.num_capitol\u00bb]07[\/vc_column_text][\/vc_column_inner][vc_column_inner width=\u00bb7\/12&#8243; css=\u00bb.vc_custom_1647631470542{margin-left: -100px !important;padding-left: 0px !important;}\u00bb offset=\u00bbvc_hidden-sm vc_hidden-xs\u00bb][vc_column_text el_class=\u00bb.titol_capitol\u00bb] Montserrat...","og_url":"https:\/\/memoria.montserrat.es\/es\/la-segunda-republica\/montserrat-politica-local-desde-ayuntamiento\/","og_site_name":"Mem\u00f2ria recobrada de Montserrat","article_modified_time":"2023-02-22T08:48:14+00:00","twitter_card":"summary_large_image","twitter_misc":{"Tiempo de lectura":"4 minutos"},"schema":{"@context":"https:\/\/schema.org","@graph":[{"@type":"WebPage","@id":"https:\/\/memoria.montserrat.es\/es\/la-segunda-republica\/montserrat-politica-local-desde-ayuntamiento\/","url":"https:\/\/memoria.montserrat.es\/es\/la-segunda-republica\/montserrat-politica-local-desde-ayuntamiento\/","name":"Montserrat. La pol\u00edtica local desde el Ayuntamiento - Mem\u00f2ria recobrada de Montserrat","isPartOf":{"@id":"https:\/\/memoria.montserrat.es\/es\/#website"},"datePublished":"2022-03-21T10:43:02+00:00","dateModified":"2023-02-22T08:48:14+00:00","breadcrumb":{"@id":"https:\/\/memoria.montserrat.es\/es\/la-segunda-republica\/montserrat-politica-local-desde-ayuntamiento\/#breadcrumb"},"inLanguage":"es","potentialAction":[{"@type":"ReadAction","target":["https:\/\/memoria.montserrat.es\/es\/la-segunda-republica\/montserrat-politica-local-desde-ayuntamiento\/"]}]},{"@type":"BreadcrumbList","@id":"https:\/\/memoria.montserrat.es\/es\/la-segunda-republica\/montserrat-politica-local-desde-ayuntamiento\/#breadcrumb","itemListElement":[{"@type":"ListItem","position":1,"name":"Inici","item":"https:\/\/memoria.montserrat.es\/es\/"},{"@type":"ListItem","position":2,"name":"SEGUNDA REP\u00daBLICA","item":"https:\/\/memoria.montserrat.es\/es\/la-segunda-republica\/"},{"@type":"ListItem","position":3,"name":"Montserrat. La pol\u00edtica local desde el Ayuntamiento"}]},{"@type":"WebSite","@id":"https:\/\/memoria.montserrat.es\/es\/#website","url":"https:\/\/memoria.montserrat.es\/es\/","name":"Mem\u00f2ria recobrada de Montserrat","description":"La veu d&#039;un poble","publisher":{"@id":"https:\/\/memoria.montserrat.es\/es\/#organization"},"potentialAction":[{"@type":"SearchAction","target":{"@type":"EntryPoint","urlTemplate":"https:\/\/memoria.montserrat.es\/es\/?s={search_term_string}"},"query-input":"required name=search_term_string"}],"inLanguage":"es"},{"@type":"Organization","@id":"https:\/\/memoria.montserrat.es\/es\/#organization","name":"Mem\u00f2ria recobrada de Montserrat","url":"https:\/\/memoria.montserrat.es\/es\/","logo":{"@type":"ImageObject","inLanguage":"es","@id":"https:\/\/memoria.montserrat.es\/es\/#\/schema\/logo\/image\/","url":"https:\/\/memoria.montserrat.es\/wp-content\/uploads\/2023\/02\/memoria_montserrat_logo.png","contentUrl":"https:\/\/memoria.montserrat.es\/wp-content\/uploads\/2023\/02\/memoria_montserrat_logo.png","width":1952,"height":788,"caption":"Mem\u00f2ria recobrada de Montserrat"},"image":{"@id":"https:\/\/memoria.montserrat.es\/es\/#\/schema\/logo\/image\/"}}]}},"_links":{"self":[{"href":"https:\/\/memoria.montserrat.es\/es\/wp-json\/wp\/v2\/pages\/6378","targetHints":{"allow":["GET"]}}],"collection":[{"href":"https:\/\/memoria.montserrat.es\/es\/wp-json\/wp\/v2\/pages"}],"about":[{"href":"https:\/\/memoria.montserrat.es\/es\/wp-json\/wp\/v2\/types\/page"}],"author":[{"embeddable":true,"href":"https:\/\/memoria.montserrat.es\/es\/wp-json\/wp\/v2\/users\/1"}],"replies":[{"embeddable":true,"href":"https:\/\/memoria.montserrat.es\/es\/wp-json\/wp\/v2\/comments?post=6378"}],"version-history":[{"count":5,"href":"https:\/\/memoria.montserrat.es\/es\/wp-json\/wp\/v2\/pages\/6378\/revisions"}],"predecessor-version":[{"id":6604,"href":"https:\/\/memoria.montserrat.es\/es\/wp-json\/wp\/v2\/pages\/6378\/revisions\/6604"}],"up":[{"embeddable":true,"href":"https:\/\/memoria.montserrat.es\/es\/wp-json\/wp\/v2\/pages\/2254"}],"wp:attachment":[{"href":"https:\/\/memoria.montserrat.es\/es\/wp-json\/wp\/v2\/media?parent=6378"}],"curies":[{"name":"wp","href":"https:\/\/api.w.org\/{rel}","templated":true}]}}