{"id":6372,"date":"2022-03-20T19:25:00","date_gmt":"2022-03-20T17:25:00","guid":{"rendered":"https:\/\/memoria.montserrat.es\/la-segona-republica\/la-ribera-alta-el-mite-del-levante-feliz\/"},"modified":"2023-02-22T10:36:39","modified_gmt":"2023-02-22T08:36:39","slug":"la-ribera-alta-el-mito-del-levante-feliz","status":"publish","type":"page","link":"https:\/\/memoria.montserrat.es\/es\/la-segunda-republica\/la-ribera-alta-el-mito-del-levante-feliz\/","title":{"rendered":"La Ribera Alta. El mito del \u201cLevante Feliz\u201d"},"content":{"rendered":"<p>[vc_row css_animation=\u00bb\u00bb row_type=\u00bbrow\u00bb use_row_as_full_screen_section=\u00bbno\u00bb type=\u00bbfull_width\u00bb angled_section=\u00bbno\u00bb text_align=\u00bbleft\u00bb background_image_as_pattern=\u00bbwithout_pattern\u00bb z_index=\u00bb\u00bb css=\u00bb.vc_custom_1665397086898{margin-bottom: 0px !important;padding-bottom: 50px !important;background-position: center !important;background-repeat: no-repeat !important;background-size: contain !important;}\u00bb el_class=\u00bb.imatge_fons\u00bb][vc_column][vc_row_inner row_type=\u00bbrow\u00bb type=\u00bbgrid\u00bb text_align=\u00bbleft\u00bb css_animation=\u00bb\u00bb padding_top=\u00bb50%\u00bb][vc_column_inner width=\u00bb1\/6&#8243; css=\u00bb.vc_custom_1647631464667{margin-right: 0px !important;margin-left: -100px !important;padding-right: 0px !important;}\u00bb offset=\u00bbvc_hidden-sm vc_hidden-xs\u00bb][vc_column_text el_class=\u00bb.num_capitol\u00bb]04[\/vc_column_text][\/vc_column_inner][vc_column_inner width=\u00bb7\/12&#8243; css=\u00bb.vc_custom_1647631470542{margin-left: -100px !important;padding-left: 0px !important;}\u00bb offset=\u00bbvc_hidden-sm vc_hidden-xs\u00bb][vc_column_text el_class=\u00bb.titol_capitol\u00bb]<\/p>\n<h1>La Ribera Alta<br \/>\n<span class=\"subtitol\">El mito del \u201cLevante Feliz\u201d<\/span><\/h1>\n<p>[\/vc_column_text][\/vc_column_inner][vc_column_inner width=\u00bb1\/4&#8243; offset=\u00bbvc_hidden-sm vc_hidden-xs\u00bb][vc_column_text el_class=\u00bb.etiqueta_mare\u00bb]<\/p>\n<h3><\/h3>\n<h3 style=\"text-align: right;\"><span class=\"roig\">SEGUNDA<\/span>REP\u00daBLICA<\/h3>\n<p>[\/vc_column_text][\/vc_column_inner][\/vc_row_inner][vc_row_inner row_type=\u00bbrow\u00bb type=\u00bbfull_width\u00bb text_align=\u00bbleft\u00bb css_animation=\u00bb\u00bb css=\u00bb.vc_custom_1647632187031{margin-left: 2% !important;}\u00bb][vc_column_inner offset=\u00bbvc_hidden-lg vc_hidden-md\u00bb css=\u00bb.vc_custom_1647632140819{margin-top: 50px !important;}\u00bb][vc_column_text el_class=\u00bb.num_capitol_mobile\u00bb css=\u00bb.vc_custom_1647796858152{margin-bottom: 50px !important;}\u00bb]04[\/vc_column_text][vc_column_text el_class=\u00bb.titol_capitol_mobile\u00bb]<\/p>\n<h1>La Ribera Alta<br \/>\n<span class=\"subtitol\">El mito del \u201cLevante Feliz\u201d<\/span><\/h1>\n<p>[\/vc_column_text][vc_column_text el_class=\u00bb.etiqueta_mare\u00bb]<\/p>\n<h3 style=\"text-align: left;\"><span class=\"roig\">SEGUNDA<\/span>REP\u00daBLICA<\/h3>\n<p>[\/vc_column_text][\/vc_column_inner][\/vc_row_inner][vc_row_inner row_type=\u00bbrow\u00bb type=\u00bbfull_width\u00bb text_align=\u00bbleft\u00bb css_animation=\u00bb\u00bb][vc_column_inner][vc_single_image image=\u00bb54&#8243; img_size=\u00bbfull\u00bb alignment=\u00bbcenter\u00bb qode_css_animation=\u00bb\u00bb][\/vc_column_inner][\/vc_row_inner][vc_row_inner row_type=\u00bbrow\u00bb type=\u00bbgrid\u00bb text_align=\u00bbleft\u00bb css_animation=\u00bb\u00bb css=\u00bb.vc_custom_1647628966339{margin-top: 30px !important;margin-right: 2% !important;margin-left: 2% !important;}\u00bb][vc_column_inner][vc_column_text]El agua del X\u00faquer y de la red h\u00eddrica de las acequias, tambi\u00e9n con sus efectos nocivos como las inundaciones, definen esta comarca densamente poblada. En 1930, los 127.046 habitantes de la Ribera Alta se repart\u00edan por 35 municipios (6 menores de 1.000 habitantes) con un centro urbano en Alcira, una agrociudad de poco m\u00e1s de 20.000 habitantes que era cabeza administrativa, econ\u00f3mica y pol\u00edtica y uno de los focos econ\u00f3micos m\u00e1s importantes de la provincia. Pero tambi\u00e9n contaba con dos grandes municipios: Algemes\u00ed y Carcaixent.<\/p>\n<p>Su paisaje irrigado que hab\u00eda evolucionado hacia casi un monocultivo citr\u00edcola, formaba parte de la imagen identitaria del regionalismo valenciano, promovida por la literatura. La naranja era el centro de la vida de gran parte de los habitantes, desde las labores agr\u00edcolas, hasta su confecci\u00f3n en almacenes que poblaban pueblos y ciudades o el modernismo de los grandes propietarios. Sufri\u00f3 la crisis exportadora de los a\u00f1os treinta. La industria era escasa y relacionada con el comercio citr\u00edcola. Con todo, la Foya de Montroi ofrec\u00eda un paisaje de secano y de vid. La realidad social no se correspond\u00eda al id\u00edlico \u201cLevante Feliz\u201d. Carcaixent presentaba una gran masa jornalera. Los mayoritarios peque\u00f1os propietarios y arrendatarios deb\u00edan acudir al trabajo asalariado escasamente retribuido, al igual que las mujeres en los almacenes.<\/p>\n<p>En rasgos generales, era una comarca con una hegemon\u00eda republicana-socialista. El republicanismo reformista blasquista era el m\u00e1ximo referente entre las clases medias. Desde Alcira se impulsaba el sindicalismo socialista campesino en la provincia, hasta el punto que la huelga campesina de junio de 1934 fue pr\u00e1cticamente absoluta en la comarca. Su t\u00e1ctica moderada impregn\u00f3 la vida laboral. En Carcaixent destacaba el anarquismo que consigui\u00f3 una huelga general en 1932. Por otra parte, Algemes\u00ed era una poblaci\u00f3n con mayor fuerza tradicionalista y social-cat\u00f3lica. Uno de los escasos conflictos violentos sucedi\u00f3 en Guadassuar (noviembre 1933).<\/p>\n<p>As\u00ed, las elecciones de febrero de 1936 terminaron con un \u00e9xito para el Frente Popular, si bien el blasquismo consigui\u00f3 conservar parte de su fuerza. La DRV triunfaba en Algemes\u00ed. Hasta julio, la conflictividad fue anticlerical y pol\u00edtica (Alzira y Carcaixent).[\/vc_column_text][\/vc_column_inner][\/vc_row_inner][\/vc_column][\/vc_row][vc_row css_animation=\u00bb\u00bb row_type=\u00bbrow\u00bb use_row_as_full_screen_section=\u00bbno\u00bb type=\u00bbgrid\u00bb angled_section=\u00bbno\u00bb text_align=\u00bbleft\u00bb background_image_as_pattern=\u00bbwithout_pattern\u00bb z_index=\u00bb\u00bb][vc_column width=\u00bb1\/3&#8243;][vc_btn title=\u00bbEntrevistas\u00bb style=\u00bbcustom\u00bb custom_background=\u00bb#9e0000&#8243; custom_text=\u00bb#ffffff\u00bb shape=\u00bbsquare\u00bb align=\u00bbleft\u00bb i_align=\u00bbright\u00bb i_icon_fontawesome=\u00bbfas fa-play\u00bb button_block=\u00bbtrue\u00bb add_icon=\u00bbtrue\u00bb link=\u00bburl:https%3A%2F%2Fmemoria.montserrat.es%2Fes%2Fla-segunda-republica%2Fla-ribera-alta-el-mito-del-levante-feliz%2Fla-ribera-alta-el-mito-del-levante-feliz-entrevistas%2F|title:La%20segona%20rep%C3%BAblica%3A%20Viure%20i%20malviure.%20Entrevistes\u00bb][\/vc_column][vc_column width=\u00bb1\/3&#8243;][\/vc_column][vc_column width=\u00bb1\/3&#8243;][\/vc_column][\/vc_row][vc_row css_animation=\u00bb\u00bb row_type=\u00bbrow\u00bb use_row_as_full_screen_section=\u00bbno\u00bb type=\u00bbfull_width\u00bb angled_section=\u00bbno\u00bb text_align=\u00bbleft\u00bb background_image_as_pattern=\u00bbwithout_pattern\u00bb][vc_column][vc_masonry_media_grid element_width=\u00bb3&#8243; gap=\u00bb10&#8243; item=\u00bb263&#8243; grid_id=\u00bbvc_gid:1677054976043-0b3d36ea-4bdd-7&#8243; include=\u00bb4059,4101,4099,4097,4095,4093,4091,4089,4087,4085,4083,4081,4079,4075,4073,4071,4067,4065,4063,4061,4401,4403&#8243;][\/vc_column][\/vc_row]<\/p>\n","protected":false},"excerpt":{"rendered":"<p>[vc_row css_animation=\u00bb\u00bb row_type=\u00bbrow\u00bb use_row_as_full_screen_section=\u00bbno\u00bb type=\u00bbfull_width\u00bb angled_section=\u00bbno\u00bb text_align=\u00bbleft\u00bb background_image_as_pattern=\u00bbwithout_pattern\u00bb z_index=\u00bb\u00bb css=\u00bb.vc_custom_1665397086898{margin-bottom: 0px !important;padding-bottom: 50px !important;background-position: center !important;background-repeat: no-repeat !important;background-size: contain !important;}\u00bb el_class=\u00bb.imatge_fons\u00bb][vc_column][vc_row_inner row_type=\u00bbrow\u00bb type=\u00bbgrid\u00bb text_align=\u00bbleft\u00bb css_animation=\u00bb\u00bb padding_top=\u00bb50%\u00bb][vc_column_inner width=\u00bb1\/6&#8243; css=\u00bb.vc_custom_1647631464667{margin-right: 0px !important;margin-left: -100px !important;padding-right: 0px !important;}\u00bb offset=\u00bbvc_hidden-sm vc_hidden-xs\u00bb][vc_column_text el_class=\u00bb.num_capitol\u00bb]04[\/vc_column_text][\/vc_column_inner][vc_column_inner width=\u00bb7\/12&#8243; css=\u00bb.vc_custom_1647631470542{margin-left: -100px !important;padding-left: 0px !important;}\u00bb offset=\u00bbvc_hidden-sm vc_hidden-xs\u00bb][vc_column_text&#8230;<\/p>\n","protected":false},"author":1,"featured_media":0,"parent":2254,"menu_order":0,"comment_status":"closed","ping_status":"closed","template":"full_width.php","meta":{"_monsterinsights_skip_tracking":false,"_monsterinsights_sitenote_active":false,"_monsterinsights_sitenote_note":"","_monsterinsights_sitenote_category":0,"footnotes":""},"class_list":["post-6372","page","type-page","status-publish","hentry"],"yoast_head":"<!-- This site is optimized with the Yoast SEO plugin v21.4 - https:\/\/yoast.com\/wordpress\/plugins\/seo\/ -->\n<title>La Ribera Alta. El mito del \u201cLevante Feliz\u201d - Mem\u00f2ria recobrada de Montserrat<\/title>\n<meta name=\"robots\" content=\"index, follow, max-snippet:-1, max-image-preview:large, max-video-preview:-1\" \/>\n<link rel=\"canonical\" href=\"https:\/\/memoria.montserrat.es\/es\/la-segunda-republica\/la-ribera-alta-el-mito-del-levante-feliz\/\" \/>\n<meta property=\"og:locale\" content=\"es_ES\" \/>\n<meta property=\"og:type\" content=\"article\" \/>\n<meta property=\"og:title\" content=\"La Ribera Alta. El mito del \u201cLevante Feliz\u201d - Mem\u00f2ria recobrada de Montserrat\" \/>\n<meta property=\"og:description\" content=\"[vc_row css_animation=\u00bb\u00bb row_type=\u00bbrow\u00bb use_row_as_full_screen_section=\u00bbno\u00bb type=\u00bbfull_width\u00bb angled_section=\u00bbno\u00bb text_align=\u00bbleft\u00bb background_image_as_pattern=\u00bbwithout_pattern\u00bb z_index=\u00bb\u00bb css=\u00bb.vc_custom_1665397086898{margin-bottom: 0px !important;padding-bottom: 50px !important;background-position: center !important;background-repeat: no-repeat !important;background-size: contain !important;}\u00bb el_class=\u00bb.imatge_fons\u00bb][vc_column][vc_row_inner row_type=\u00bbrow\u00bb type=\u00bbgrid\u00bb text_align=\u00bbleft\u00bb css_animation=\u00bb\u00bb padding_top=\u00bb50%\u00bb][vc_column_inner width=\u00bb1\/6&#8243; css=\u00bb.vc_custom_1647631464667{margin-right: 0px !important;margin-left: -100px !important;padding-right: 0px !important;}\u00bb offset=\u00bbvc_hidden-sm vc_hidden-xs\u00bb][vc_column_text el_class=\u00bb.num_capitol\u00bb]04[\/vc_column_text][\/vc_column_inner][vc_column_inner width=\u00bb7\/12&#8243; css=\u00bb.vc_custom_1647631470542{margin-left: -100px !important;padding-left: 0px !important;}\u00bb offset=\u00bbvc_hidden-sm vc_hidden-xs\u00bb][vc_column_text...\" \/>\n<meta property=\"og:url\" content=\"https:\/\/memoria.montserrat.es\/es\/la-segunda-republica\/la-ribera-alta-el-mito-del-levante-feliz\/\" \/>\n<meta property=\"og:site_name\" content=\"Mem\u00f2ria recobrada de Montserrat\" \/>\n<meta property=\"article:modified_time\" content=\"2023-02-22T08:36:39+00:00\" \/>\n<meta name=\"twitter:card\" content=\"summary_large_image\" \/>\n<meta name=\"twitter:label1\" content=\"Tiempo de lectura\" \/>\n\t<meta name=\"twitter:data1\" content=\"4 minutos\" \/>\n<script type=\"application\/ld+json\" class=\"yoast-schema-graph\">{\"@context\":\"https:\/\/schema.org\",\"@graph\":[{\"@type\":\"WebPage\",\"@id\":\"https:\/\/memoria.montserrat.es\/es\/la-segunda-republica\/la-ribera-alta-el-mito-del-levante-feliz\/\",\"url\":\"https:\/\/memoria.montserrat.es\/es\/la-segunda-republica\/la-ribera-alta-el-mito-del-levante-feliz\/\",\"name\":\"La Ribera Alta. El mito del \u201cLevante Feliz\u201d - Mem\u00f2ria recobrada de Montserrat\",\"isPartOf\":{\"@id\":\"https:\/\/memoria.montserrat.es\/es\/#website\"},\"datePublished\":\"2022-03-20T17:25:00+00:00\",\"dateModified\":\"2023-02-22T08:36:39+00:00\",\"breadcrumb\":{\"@id\":\"https:\/\/memoria.montserrat.es\/es\/la-segunda-republica\/la-ribera-alta-el-mito-del-levante-feliz\/#breadcrumb\"},\"inLanguage\":\"es\",\"potentialAction\":[{\"@type\":\"ReadAction\",\"target\":[\"https:\/\/memoria.montserrat.es\/es\/la-segunda-republica\/la-ribera-alta-el-mito-del-levante-feliz\/\"]}]},{\"@type\":\"BreadcrumbList\",\"@id\":\"https:\/\/memoria.montserrat.es\/es\/la-segunda-republica\/la-ribera-alta-el-mito-del-levante-feliz\/#breadcrumb\",\"itemListElement\":[{\"@type\":\"ListItem\",\"position\":1,\"name\":\"Inici\",\"item\":\"https:\/\/memoria.montserrat.es\/es\/\"},{\"@type\":\"ListItem\",\"position\":2,\"name\":\"SEGUNDA REP\u00daBLICA\",\"item\":\"https:\/\/memoria.montserrat.es\/es\/la-segunda-republica\/\"},{\"@type\":\"ListItem\",\"position\":3,\"name\":\"La Ribera Alta. El mito del \u201cLevante Feliz\u201d\"}]},{\"@type\":\"WebSite\",\"@id\":\"https:\/\/memoria.montserrat.es\/es\/#website\",\"url\":\"https:\/\/memoria.montserrat.es\/es\/\",\"name\":\"Mem\u00f2ria recobrada de Montserrat\",\"description\":\"La veu d&#039;un poble\",\"publisher\":{\"@id\":\"https:\/\/memoria.montserrat.es\/es\/#organization\"},\"potentialAction\":[{\"@type\":\"SearchAction\",\"target\":{\"@type\":\"EntryPoint\",\"urlTemplate\":\"https:\/\/memoria.montserrat.es\/es\/?s={search_term_string}\"},\"query-input\":\"required name=search_term_string\"}],\"inLanguage\":\"es\"},{\"@type\":\"Organization\",\"@id\":\"https:\/\/memoria.montserrat.es\/es\/#organization\",\"name\":\"Mem\u00f2ria recobrada de Montserrat\",\"url\":\"https:\/\/memoria.montserrat.es\/es\/\",\"logo\":{\"@type\":\"ImageObject\",\"inLanguage\":\"es\",\"@id\":\"https:\/\/memoria.montserrat.es\/es\/#\/schema\/logo\/image\/\",\"url\":\"https:\/\/memoria.montserrat.es\/wp-content\/uploads\/2023\/02\/memoria_montserrat_logo.png\",\"contentUrl\":\"https:\/\/memoria.montserrat.es\/wp-content\/uploads\/2023\/02\/memoria_montserrat_logo.png\",\"width\":1952,\"height\":788,\"caption\":\"Mem\u00f2ria recobrada de Montserrat\"},\"image\":{\"@id\":\"https:\/\/memoria.montserrat.es\/es\/#\/schema\/logo\/image\/\"}}]}<\/script>\n<!-- \/ Yoast SEO plugin. -->","yoast_head_json":{"title":"La Ribera Alta. El mito del \u201cLevante Feliz\u201d - Mem\u00f2ria recobrada de Montserrat","robots":{"index":"index","follow":"follow","max-snippet":"max-snippet:-1","max-image-preview":"max-image-preview:large","max-video-preview":"max-video-preview:-1"},"canonical":"https:\/\/memoria.montserrat.es\/es\/la-segunda-republica\/la-ribera-alta-el-mito-del-levante-feliz\/","og_locale":"es_ES","og_type":"article","og_title":"La Ribera Alta. El mito del \u201cLevante Feliz\u201d - Mem\u00f2ria recobrada de Montserrat","og_description":"[vc_row css_animation=\u00bb\u00bb row_type=\u00bbrow\u00bb use_row_as_full_screen_section=\u00bbno\u00bb type=\u00bbfull_width\u00bb angled_section=\u00bbno\u00bb text_align=\u00bbleft\u00bb background_image_as_pattern=\u00bbwithout_pattern\u00bb z_index=\u00bb\u00bb css=\u00bb.vc_custom_1665397086898{margin-bottom: 0px !important;padding-bottom: 50px !important;background-position: center !important;background-repeat: no-repeat !important;background-size: contain !important;}\u00bb el_class=\u00bb.imatge_fons\u00bb][vc_column][vc_row_inner row_type=\u00bbrow\u00bb type=\u00bbgrid\u00bb text_align=\u00bbleft\u00bb css_animation=\u00bb\u00bb padding_top=\u00bb50%\u00bb][vc_column_inner width=\u00bb1\/6&#8243; css=\u00bb.vc_custom_1647631464667{margin-right: 0px !important;margin-left: -100px !important;padding-right: 0px !important;}\u00bb offset=\u00bbvc_hidden-sm vc_hidden-xs\u00bb][vc_column_text el_class=\u00bb.num_capitol\u00bb]04[\/vc_column_text][\/vc_column_inner][vc_column_inner width=\u00bb7\/12&#8243; css=\u00bb.vc_custom_1647631470542{margin-left: -100px !important;padding-left: 0px !important;}\u00bb offset=\u00bbvc_hidden-sm vc_hidden-xs\u00bb][vc_column_text...","og_url":"https:\/\/memoria.montserrat.es\/es\/la-segunda-republica\/la-ribera-alta-el-mito-del-levante-feliz\/","og_site_name":"Mem\u00f2ria recobrada de Montserrat","article_modified_time":"2023-02-22T08:36:39+00:00","twitter_card":"summary_large_image","twitter_misc":{"Tiempo de lectura":"4 minutos"},"schema":{"@context":"https:\/\/schema.org","@graph":[{"@type":"WebPage","@id":"https:\/\/memoria.montserrat.es\/es\/la-segunda-republica\/la-ribera-alta-el-mito-del-levante-feliz\/","url":"https:\/\/memoria.montserrat.es\/es\/la-segunda-republica\/la-ribera-alta-el-mito-del-levante-feliz\/","name":"La Ribera Alta. El mito del \u201cLevante Feliz\u201d - Mem\u00f2ria recobrada de Montserrat","isPartOf":{"@id":"https:\/\/memoria.montserrat.es\/es\/#website"},"datePublished":"2022-03-20T17:25:00+00:00","dateModified":"2023-02-22T08:36:39+00:00","breadcrumb":{"@id":"https:\/\/memoria.montserrat.es\/es\/la-segunda-republica\/la-ribera-alta-el-mito-del-levante-feliz\/#breadcrumb"},"inLanguage":"es","potentialAction":[{"@type":"ReadAction","target":["https:\/\/memoria.montserrat.es\/es\/la-segunda-republica\/la-ribera-alta-el-mito-del-levante-feliz\/"]}]},{"@type":"BreadcrumbList","@id":"https:\/\/memoria.montserrat.es\/es\/la-segunda-republica\/la-ribera-alta-el-mito-del-levante-feliz\/#breadcrumb","itemListElement":[{"@type":"ListItem","position":1,"name":"Inici","item":"https:\/\/memoria.montserrat.es\/es\/"},{"@type":"ListItem","position":2,"name":"SEGUNDA REP\u00daBLICA","item":"https:\/\/memoria.montserrat.es\/es\/la-segunda-republica\/"},{"@type":"ListItem","position":3,"name":"La Ribera Alta. El mito del \u201cLevante Feliz\u201d"}]},{"@type":"WebSite","@id":"https:\/\/memoria.montserrat.es\/es\/#website","url":"https:\/\/memoria.montserrat.es\/es\/","name":"Mem\u00f2ria recobrada de Montserrat","description":"La veu d&#039;un poble","publisher":{"@id":"https:\/\/memoria.montserrat.es\/es\/#organization"},"potentialAction":[{"@type":"SearchAction","target":{"@type":"EntryPoint","urlTemplate":"https:\/\/memoria.montserrat.es\/es\/?s={search_term_string}"},"query-input":"required name=search_term_string"}],"inLanguage":"es"},{"@type":"Organization","@id":"https:\/\/memoria.montserrat.es\/es\/#organization","name":"Mem\u00f2ria recobrada de Montserrat","url":"https:\/\/memoria.montserrat.es\/es\/","logo":{"@type":"ImageObject","inLanguage":"es","@id":"https:\/\/memoria.montserrat.es\/es\/#\/schema\/logo\/image\/","url":"https:\/\/memoria.montserrat.es\/wp-content\/uploads\/2023\/02\/memoria_montserrat_logo.png","contentUrl":"https:\/\/memoria.montserrat.es\/wp-content\/uploads\/2023\/02\/memoria_montserrat_logo.png","width":1952,"height":788,"caption":"Mem\u00f2ria recobrada de Montserrat"},"image":{"@id":"https:\/\/memoria.montserrat.es\/es\/#\/schema\/logo\/image\/"}}]}},"_links":{"self":[{"href":"https:\/\/memoria.montserrat.es\/es\/wp-json\/wp\/v2\/pages\/6372","targetHints":{"allow":["GET"]}}],"collection":[{"href":"https:\/\/memoria.montserrat.es\/es\/wp-json\/wp\/v2\/pages"}],"about":[{"href":"https:\/\/memoria.montserrat.es\/es\/wp-json\/wp\/v2\/types\/page"}],"author":[{"embeddable":true,"href":"https:\/\/memoria.montserrat.es\/es\/wp-json\/wp\/v2\/users\/1"}],"replies":[{"embeddable":true,"href":"https:\/\/memoria.montserrat.es\/es\/wp-json\/wp\/v2\/comments?post=6372"}],"version-history":[{"count":6,"href":"https:\/\/memoria.montserrat.es\/es\/wp-json\/wp\/v2\/pages\/6372\/revisions"}],"predecessor-version":[{"id":6595,"href":"https:\/\/memoria.montserrat.es\/es\/wp-json\/wp\/v2\/pages\/6372\/revisions\/6595"}],"up":[{"embeddable":true,"href":"https:\/\/memoria.montserrat.es\/es\/wp-json\/wp\/v2\/pages\/2254"}],"wp:attachment":[{"href":"https:\/\/memoria.montserrat.es\/es\/wp-json\/wp\/v2\/media?parent=6372"}],"curies":[{"name":"wp","href":"https:\/\/api.w.org\/{rel}","templated":true}]}}