{"id":2773,"date":"2022-03-21T18:43:36","date_gmt":"2022-03-21T16:43:36","guid":{"rendered":"https:\/\/memoria.montserrat.es\/leuropa-democratica-i-del-benestar\/"},"modified":"2023-02-22T12:17:25","modified_gmt":"2023-02-22T10:17:25","slug":"el-poder-local-falange-y-ayuntamiento","status":"publish","type":"page","link":"https:\/\/memoria.montserrat.es\/es\/posguerra-en-montserrat\/el-poder-local-falange-y-ayuntamiento\/","title":{"rendered":"El poder local: Falange y Ayuntamiento"},"content":{"rendered":"<p>[vc_row css_animation=\u00bb\u00bb row_type=\u00bbrow\u00bb use_row_as_full_screen_section=\u00bbno\u00bb type=\u00bbfull_width\u00bb angled_section=\u00bbno\u00bb text_align=\u00bbleft\u00bb background_image_as_pattern=\u00bbwithout_pattern\u00bb z_index=\u00bb\u00bb css=\u00bb.vc_custom_1666173515231{margin-bottom: 0px !important;padding-bottom: 50px !important;background-position: center !important;background-repeat: no-repeat !important;background-size: contain !important;}\u00bb el_class=\u00bb.imatge_fons\u00bb][vc_column][vc_row_inner row_type=\u00bbrow\u00bb type=\u00bbgrid\u00bb text_align=\u00bbleft\u00bb css_animation=\u00bb\u00bb padding_top=\u00bb50%\u00bb][vc_column_inner width=\u00bb1\/6&#8243; css=\u00bb.vc_custom_1647631464667{margin-right: 0px !important;margin-left: -100px !important;padding-right: 0px !important;}\u00bb offset=\u00bbvc_hidden-sm vc_hidden-xs\u00bb][vc_column_text el_class=\u00bb.num_capitol\u00bb]01[\/vc_column_text][\/vc_column_inner][vc_column_inner width=\u00bb1\/2&#8243; css=\u00bb.vc_custom_1647631470542{margin-left: -100px !important;padding-left: 0px !important;}\u00bb offset=\u00bbvc_hidden-sm vc_hidden-xs\u00bb][vc_column_text el_class=\u00bb.titol_capitol\u00bb]<\/p>\n<h1>El poder local<br \/>\n<span class=\"subtitol\">Falange y Ayuntamiento<\/span><\/h1>\n<p>[\/vc_column_text][\/vc_column_inner][vc_column_inner width=\u00bb1\/3&#8243; offset=\u00bbvc_hidden-sm vc_hidden-xs\u00bb][vc_column_text el_class=\u00bb.etiqueta_mare\u00bb]<\/p>\n<h3><\/h3>\n<h3 style=\"text-align: right;\"><span class=\"roig\">POSGUERRA<\/span>\u00a0EN MONTSERRAT<\/h3>\n<p>[\/vc_column_text][\/vc_column_inner][\/vc_row_inner][vc_row_inner row_type=\u00bbrow\u00bb type=\u00bbfull_width\u00bb text_align=\u00bbleft\u00bb css_animation=\u00bb\u00bb css=\u00bb.vc_custom_1647632187031{margin-left: 2% !important;}\u00bb][vc_column_inner offset=\u00bbvc_hidden-lg vc_hidden-md\u00bb css=\u00bb.vc_custom_1647632140819{margin-top: 50px !important;}\u00bb][vc_column_text el_class=\u00bb.num_capitol_mobile\u00bb css=\u00bb.vc_custom_1647880265962{margin-bottom: 50px !important;}\u00bb]01[\/vc_column_text][vc_column_text el_class=\u00bb.titol_capitol_mobile\u00bb]<\/p>\n<h1>El poder local<br \/>\n<span class=\"subtitol\">Falange y Ayuntamiento<\/span><\/h1>\n<p>[\/vc_column_text][vc_column_text el_class=\u00bb.etiqueta_mare\u00bb]<\/p>\n<h3 style=\"text-align: left;\"><span class=\"roig\">POSGUERRA EN <\/span> MONTSERRAT<\/h3>\n<p>[\/vc_column_text][\/vc_column_inner][\/vc_row_inner][vc_row_inner row_type=\u00bbrow\u00bb type=\u00bbfull_width\u00bb text_align=\u00bbleft\u00bb css_animation=\u00bb\u00bb][vc_column_inner][vc_single_image image=\u00bb54&#8243; img_size=\u00bbfull\u00bb alignment=\u00bbcenter\u00bb qode_css_animation=\u00bb\u00bb][\/vc_column_inner][\/vc_row_inner][vc_row_inner row_type=\u00bbrow\u00bb type=\u00bbgrid\u00bb text_align=\u00bbleft\u00bb css_animation=\u00bb\u00bb css=\u00bb.vc_custom_1647628966339{margin-top: 30px !important;margin-right: 2% !important;margin-left: 2% !important;}\u00bb][vc_column_inner][vc_column_text]Los poderes locales de la dictadura franquista se sustentaron en el personal pol\u00edtico de los ayuntamientos, muchos de ellos totalmente nuevos en los pueblos con aplastante mayor\u00eda republicana, como en Montserrat. Aunque se fue resquebrajando desde los cincuenta, el segundo pilar ser\u00eda Falange. El tercero, tambi\u00e9n con grietas (como en Montserrat) desde los sesenta, la Iglesia. Sin olvidar la reposici\u00f3n del poder de la burgues\u00eda conservadora y el poder informal que representaba la Uni\u00f3n Musical, por lo que, como era habitual en la historia local, algunos de sus altos cargos tambi\u00e9n lo fueron municipales.<\/p>\n<p>En los pueblos con mayor\u00eda progresista, como Montserrat, el franquismo se encontr\u00f3 el problema de implantar socialmente la Falange y de sumar apoyos sociales. La destrucci\u00f3n organizada de los archivos falangistas en la Transici\u00f3n, nos impide profundizar en la Falange local. No deja de ser sintom\u00e1tico que en la remodelaci\u00f3n de la fachada de la iglesia en 1956, se suprimiera la Cruz de los \u201cCa\u00eddos por Dios y por Espa\u00f1a\u201d, aunque se edificara posteriormente en la fuente de la Plaza. Su primer jefe local fue el fot\u00f3grafo Jos\u00e9 L\u00e1zaro Bayarri. El cargo se unific\u00f3 con el de alcalde a partir de 1943. En 1953, contaba con 29 afiliados y 14 adheridos, convencidos o por conveniencia. Tampoco conocemos la capacidad de generar, aunque fuera puntualmente, adhesiones al r\u00e9gimen o rebajar la hostilidad por parte de algunas delegaciones falangistas. En los cincuenta se intent\u00f3 reconstruir el Frente de Juventudes, aunque al parecer en muchas casas incluso se rechazaba recoger los uniformes. La Hermandad de Labradores no consigui\u00f3 crear una cooperativa, pero s\u00ed una trilladora que seguro que fue bien recibida. Por su parte, el retorno a la parroquia de Jos\u00e9 M\u00aa Pl\u00e0, que prest\u00f3 servicios a los sublevados y fue hecho prisionero en Teruel, como recordaba en sus homil\u00edas, molest\u00f3 a las autoridades por su activismo carlista y a gran parte del vecindario por su integrismo y car\u00e1cter vengativo, ya que se negaba a firmar salvoconductos.<\/p>\n<p>El 28 de marzo de 1939, la Falange tomaba el poder municipal, nombrando como primer alcalde a Aniceto Campos Zan\u00f3n, refrendado por las autoridades militares. No parece que contentara al Gobernador Civil, por lo que renov\u00f3 casi totalmente la Comisi\u00f3n Gestora en 1940, con la alcald\u00eda de Jos\u00e9 Navarro Cerver\u00f3 (tambi\u00e9n jefe falangista). El nombramiento del falangista Laporta Gir\u00f3n como gobernador civil de Val\u00e8ncia, alter\u00f3 los municipios valencianos ya que nombr\u00f3 comisiones gestoras falangistas o con personas que se hab\u00edan significado m\u00e1s durante la Rep\u00fablica o la guerra. As\u00ed, llegaba a la alcald\u00eda Francisco Moreno Cristofol (1943) que fue cesado despu\u00e9s de una Inspecci\u00f3n gubernativa en 1948. La democracia org\u00e1nica desde 1948, con su divisi\u00f3n de concejales en tres tercios (familiar, te\u00f3ricamente elegidos por los hombres cabezas de familia; sindical por el sindicato vertical y de entidades, por asociaciones y profesiones liberales) comport\u00f3 un nuevo ayuntamiento con Emilio Roig Campos. El franquismo local no dispon\u00eda de suficiente base social, por lo que el primer ayuntamiento casi repet\u00eda la anterior Comisi\u00f3n Gestora. De hecho, en el ayuntamiento de 1951, tan solo un concejal no alcanzaba los 30 a\u00f1os. Parece que el nuevo alcalde no contaba con toda la fidelidad de los franquistas, quiz\u00e1 por su origen (Torrent), puesto que fue denunciado por permitir un baile en el Musical. No conocemos si fue el motivo de la finalizaci\u00f3n de su mandato, pero a principios de 1953 llegaba a la alcald\u00eda Vicente Ros Campos. El franquismo estaba ya estabilizado y este alcalde permaneci\u00f3 hasta 1960. Despu\u00e9s vendr\u00edan breves alcald\u00edas hasta que en 1962 era nombrado Aniceto Campos Campos, con experiencia municipal desde 1948 y seguramente con cierto prestigio social. Ser\u00eda el \u00faltimo alcalde franquista.[\/vc_column_text][\/vc_column_inner][\/vc_row_inner][\/vc_column][\/vc_row][vc_row css_animation=\u00bb\u00bb row_type=\u00bbrow\u00bb use_row_as_full_screen_section=\u00bbno\u00bb type=\u00bbgrid\u00bb angled_section=\u00bbno\u00bb text_align=\u00bbleft\u00bb background_image_as_pattern=\u00bbwithout_pattern\u00bb z_index=\u00bb\u00bb][vc_column width=\u00bb1\/3&#8243;][vc_btn title=\u00bbEntrevistas\u00bb style=\u00bbcustom\u00bb custom_background=\u00bb#9b0000&#8243; custom_text=\u00bb#ffffff\u00bb shape=\u00bbsquare\u00bb align=\u00bbleft\u00bb i_align=\u00bbright\u00bb i_icon_fontawesome=\u00bbfas fa-play\u00bb button_block=\u00bbtrue\u00bb add_icon=\u00bbtrue\u00bb link=\u00bburl:https%3A%2F%2Fmemoria.montserrat.es%2Fes%2Fposguerra-en-montserrat%2Fel-poder-local-falange-y-ayuntamiento%2Fel-poder-local-falange-y-ayuntamiento-entrevistas%2F|title:El%20poder%20local%3A%20Falange%20i%20Ajuntament%20%E2%80%93%20Entrevistes\u00bb][\/vc_column][vc_column width=\u00bb1\/3&#8243;][\/vc_column][vc_column width=\u00bb1\/3&#8243;][\/vc_column][\/vc_row][vc_row css_animation=\u00bb\u00bb row_type=\u00bbrow\u00bb use_row_as_full_screen_section=\u00bbno\u00bb type=\u00bbfull_width\u00bb angled_section=\u00bbno\u00bb text_align=\u00bbleft\u00bb background_image_as_pattern=\u00bbwithout_pattern\u00bb][vc_column][vc_masonry_media_grid element_width=\u00bb3&#8243; gap=\u00bb10&#8243; item=\u00bb263&#8243; grid_id=\u00bbvc_gid:1677061030456-7822d941-055f-10&#8243; include=\u00bb5886,5888,5890,5892,5894,5896,5898,5900,5902,5904,5906,5908,5910,5912,5914,5916,5918,5920,5922,5924,5926,5928,5930,5932,5934,5936,5938,5940,5942,5944,5946,5948,5950,5952,5954,5956,5958&#8243;][\/vc_column][\/vc_row]<\/p>\n","protected":false},"excerpt":{"rendered":"<p>[vc_row css_animation=\u00bb\u00bb row_type=\u00bbrow\u00bb use_row_as_full_screen_section=\u00bbno\u00bb type=\u00bbfull_width\u00bb angled_section=\u00bbno\u00bb text_align=\u00bbleft\u00bb background_image_as_pattern=\u00bbwithout_pattern\u00bb z_index=\u00bb\u00bb css=\u00bb.vc_custom_1666173515231{margin-bottom: 0px !important;padding-bottom: 50px !important;background-position: center !important;background-repeat: no-repeat !important;background-size: contain !important;}\u00bb el_class=\u00bb.imatge_fons\u00bb][vc_column][vc_row_inner row_type=\u00bbrow\u00bb type=\u00bbgrid\u00bb text_align=\u00bbleft\u00bb css_animation=\u00bb\u00bb padding_top=\u00bb50%\u00bb][vc_column_inner width=\u00bb1\/6&#8243; css=\u00bb.vc_custom_1647631464667{margin-right: 0px !important;margin-left: -100px !important;padding-right: 0px !important;}\u00bb offset=\u00bbvc_hidden-sm vc_hidden-xs\u00bb][vc_column_text el_class=\u00bb.num_capitol\u00bb]01[\/vc_column_text][\/vc_column_inner][vc_column_inner width=\u00bb1\/2&#8243; css=\u00bb.vc_custom_1647631470542{margin-left: -100px !important;padding-left: 0px !important;}\u00bb offset=\u00bbvc_hidden-sm vc_hidden-xs\u00bb][vc_column_text&#8230;<\/p>\n","protected":false},"author":1,"featured_media":0,"parent":2713,"menu_order":0,"comment_status":"closed","ping_status":"closed","template":"full_width.php","meta":{"_monsterinsights_skip_tracking":false,"_monsterinsights_sitenote_active":false,"_monsterinsights_sitenote_note":"","_monsterinsights_sitenote_category":0,"footnotes":""},"class_list":["post-2773","page","type-page","status-publish","hentry"],"yoast_head":"<!-- This site is optimized with the Yoast SEO plugin v21.4 - https:\/\/yoast.com\/wordpress\/plugins\/seo\/ -->\n<title>El poder local: Falange y Ayuntamiento - Mem\u00f2ria recobrada de Montserrat<\/title>\n<meta name=\"robots\" content=\"index, follow, max-snippet:-1, max-image-preview:large, max-video-preview:-1\" \/>\n<link rel=\"canonical\" href=\"https:\/\/memoria.montserrat.es\/es\/posguerra-en-montserrat\/el-poder-local-falange-y-ayuntamiento\/\" \/>\n<meta property=\"og:locale\" content=\"es_ES\" \/>\n<meta property=\"og:type\" content=\"article\" \/>\n<meta property=\"og:title\" content=\"El poder local: Falange y Ayuntamiento - Mem\u00f2ria recobrada de Montserrat\" \/>\n<meta property=\"og:description\" content=\"[vc_row css_animation=\u00bb\u00bb row_type=\u00bbrow\u00bb use_row_as_full_screen_section=\u00bbno\u00bb type=\u00bbfull_width\u00bb angled_section=\u00bbno\u00bb text_align=\u00bbleft\u00bb background_image_as_pattern=\u00bbwithout_pattern\u00bb z_index=\u00bb\u00bb css=\u00bb.vc_custom_1666173515231{margin-bottom: 0px !important;padding-bottom: 50px !important;background-position: center !important;background-repeat: no-repeat !important;background-size: contain !important;}\u00bb el_class=\u00bb.imatge_fons\u00bb][vc_column][vc_row_inner row_type=\u00bbrow\u00bb type=\u00bbgrid\u00bb text_align=\u00bbleft\u00bb css_animation=\u00bb\u00bb padding_top=\u00bb50%\u00bb][vc_column_inner width=\u00bb1\/6&#8243; css=\u00bb.vc_custom_1647631464667{margin-right: 0px !important;margin-left: -100px !important;padding-right: 0px !important;}\u00bb offset=\u00bbvc_hidden-sm vc_hidden-xs\u00bb][vc_column_text el_class=\u00bb.num_capitol\u00bb]01[\/vc_column_text][\/vc_column_inner][vc_column_inner width=\u00bb1\/2&#8243; css=\u00bb.vc_custom_1647631470542{margin-left: -100px !important;padding-left: 0px !important;}\u00bb offset=\u00bbvc_hidden-sm vc_hidden-xs\u00bb][vc_column_text...\" \/>\n<meta property=\"og:url\" content=\"https:\/\/memoria.montserrat.es\/es\/posguerra-en-montserrat\/el-poder-local-falange-y-ayuntamiento\/\" \/>\n<meta property=\"og:site_name\" content=\"Mem\u00f2ria recobrada de Montserrat\" \/>\n<meta property=\"article:modified_time\" content=\"2023-02-22T10:17:25+00:00\" \/>\n<meta name=\"twitter:card\" content=\"summary_large_image\" \/>\n<meta name=\"twitter:label1\" content=\"Tiempo de lectura\" \/>\n\t<meta name=\"twitter:data1\" content=\"6 minutos\" \/>\n<script type=\"application\/ld+json\" class=\"yoast-schema-graph\">{\"@context\":\"https:\/\/schema.org\",\"@graph\":[{\"@type\":\"WebPage\",\"@id\":\"https:\/\/memoria.montserrat.es\/es\/posguerra-en-montserrat\/el-poder-local-falange-y-ayuntamiento\/\",\"url\":\"https:\/\/memoria.montserrat.es\/es\/posguerra-en-montserrat\/el-poder-local-falange-y-ayuntamiento\/\",\"name\":\"El poder local: Falange y Ayuntamiento - Mem\u00f2ria recobrada de Montserrat\",\"isPartOf\":{\"@id\":\"https:\/\/memoria.montserrat.es\/es\/#website\"},\"datePublished\":\"2022-03-21T16:43:36+00:00\",\"dateModified\":\"2023-02-22T10:17:25+00:00\",\"breadcrumb\":{\"@id\":\"https:\/\/memoria.montserrat.es\/es\/posguerra-en-montserrat\/el-poder-local-falange-y-ayuntamiento\/#breadcrumb\"},\"inLanguage\":\"es\",\"potentialAction\":[{\"@type\":\"ReadAction\",\"target\":[\"https:\/\/memoria.montserrat.es\/es\/posguerra-en-montserrat\/el-poder-local-falange-y-ayuntamiento\/\"]}]},{\"@type\":\"BreadcrumbList\",\"@id\":\"https:\/\/memoria.montserrat.es\/es\/posguerra-en-montserrat\/el-poder-local-falange-y-ayuntamiento\/#breadcrumb\",\"itemListElement\":[{\"@type\":\"ListItem\",\"position\":1,\"name\":\"Inici\",\"item\":\"https:\/\/memoria.montserrat.es\/es\/\"},{\"@type\":\"ListItem\",\"position\":2,\"name\":\"posguerra en montserrat\",\"item\":\"https:\/\/memoria.montserrat.es\/es\/posguerra-en-montserrat\/\"},{\"@type\":\"ListItem\",\"position\":3,\"name\":\"El poder local: Falange y Ayuntamiento\"}]},{\"@type\":\"WebSite\",\"@id\":\"https:\/\/memoria.montserrat.es\/es\/#website\",\"url\":\"https:\/\/memoria.montserrat.es\/es\/\",\"name\":\"Mem\u00f2ria recobrada de Montserrat\",\"description\":\"La veu d&#039;un poble\",\"publisher\":{\"@id\":\"https:\/\/memoria.montserrat.es\/es\/#organization\"},\"potentialAction\":[{\"@type\":\"SearchAction\",\"target\":{\"@type\":\"EntryPoint\",\"urlTemplate\":\"https:\/\/memoria.montserrat.es\/es\/?s={search_term_string}\"},\"query-input\":\"required name=search_term_string\"}],\"inLanguage\":\"es\"},{\"@type\":\"Organization\",\"@id\":\"https:\/\/memoria.montserrat.es\/es\/#organization\",\"name\":\"Mem\u00f2ria recobrada de Montserrat\",\"url\":\"https:\/\/memoria.montserrat.es\/es\/\",\"logo\":{\"@type\":\"ImageObject\",\"inLanguage\":\"es\",\"@id\":\"https:\/\/memoria.montserrat.es\/es\/#\/schema\/logo\/image\/\",\"url\":\"https:\/\/memoria.montserrat.es\/wp-content\/uploads\/2023\/02\/memoria_montserrat_logo.png\",\"contentUrl\":\"https:\/\/memoria.montserrat.es\/wp-content\/uploads\/2023\/02\/memoria_montserrat_logo.png\",\"width\":1952,\"height\":788,\"caption\":\"Mem\u00f2ria recobrada de Montserrat\"},\"image\":{\"@id\":\"https:\/\/memoria.montserrat.es\/es\/#\/schema\/logo\/image\/\"}}]}<\/script>\n<!-- \/ Yoast SEO plugin. -->","yoast_head_json":{"title":"El poder local: Falange y Ayuntamiento - Mem\u00f2ria recobrada de Montserrat","robots":{"index":"index","follow":"follow","max-snippet":"max-snippet:-1","max-image-preview":"max-image-preview:large","max-video-preview":"max-video-preview:-1"},"canonical":"https:\/\/memoria.montserrat.es\/es\/posguerra-en-montserrat\/el-poder-local-falange-y-ayuntamiento\/","og_locale":"es_ES","og_type":"article","og_title":"El poder local: Falange y Ayuntamiento - Mem\u00f2ria recobrada de Montserrat","og_description":"[vc_row css_animation=\u00bb\u00bb row_type=\u00bbrow\u00bb use_row_as_full_screen_section=\u00bbno\u00bb type=\u00bbfull_width\u00bb angled_section=\u00bbno\u00bb text_align=\u00bbleft\u00bb background_image_as_pattern=\u00bbwithout_pattern\u00bb z_index=\u00bb\u00bb css=\u00bb.vc_custom_1666173515231{margin-bottom: 0px !important;padding-bottom: 50px !important;background-position: center !important;background-repeat: no-repeat !important;background-size: contain !important;}\u00bb el_class=\u00bb.imatge_fons\u00bb][vc_column][vc_row_inner row_type=\u00bbrow\u00bb type=\u00bbgrid\u00bb text_align=\u00bbleft\u00bb css_animation=\u00bb\u00bb padding_top=\u00bb50%\u00bb][vc_column_inner width=\u00bb1\/6&#8243; css=\u00bb.vc_custom_1647631464667{margin-right: 0px !important;margin-left: -100px !important;padding-right: 0px !important;}\u00bb offset=\u00bbvc_hidden-sm vc_hidden-xs\u00bb][vc_column_text el_class=\u00bb.num_capitol\u00bb]01[\/vc_column_text][\/vc_column_inner][vc_column_inner width=\u00bb1\/2&#8243; css=\u00bb.vc_custom_1647631470542{margin-left: -100px !important;padding-left: 0px !important;}\u00bb offset=\u00bbvc_hidden-sm vc_hidden-xs\u00bb][vc_column_text...","og_url":"https:\/\/memoria.montserrat.es\/es\/posguerra-en-montserrat\/el-poder-local-falange-y-ayuntamiento\/","og_site_name":"Mem\u00f2ria recobrada de Montserrat","article_modified_time":"2023-02-22T10:17:25+00:00","twitter_card":"summary_large_image","twitter_misc":{"Tiempo de lectura":"6 minutos"},"schema":{"@context":"https:\/\/schema.org","@graph":[{"@type":"WebPage","@id":"https:\/\/memoria.montserrat.es\/es\/posguerra-en-montserrat\/el-poder-local-falange-y-ayuntamiento\/","url":"https:\/\/memoria.montserrat.es\/es\/posguerra-en-montserrat\/el-poder-local-falange-y-ayuntamiento\/","name":"El poder local: Falange y Ayuntamiento - Mem\u00f2ria recobrada de Montserrat","isPartOf":{"@id":"https:\/\/memoria.montserrat.es\/es\/#website"},"datePublished":"2022-03-21T16:43:36+00:00","dateModified":"2023-02-22T10:17:25+00:00","breadcrumb":{"@id":"https:\/\/memoria.montserrat.es\/es\/posguerra-en-montserrat\/el-poder-local-falange-y-ayuntamiento\/#breadcrumb"},"inLanguage":"es","potentialAction":[{"@type":"ReadAction","target":["https:\/\/memoria.montserrat.es\/es\/posguerra-en-montserrat\/el-poder-local-falange-y-ayuntamiento\/"]}]},{"@type":"BreadcrumbList","@id":"https:\/\/memoria.montserrat.es\/es\/posguerra-en-montserrat\/el-poder-local-falange-y-ayuntamiento\/#breadcrumb","itemListElement":[{"@type":"ListItem","position":1,"name":"Inici","item":"https:\/\/memoria.montserrat.es\/es\/"},{"@type":"ListItem","position":2,"name":"posguerra en montserrat","item":"https:\/\/memoria.montserrat.es\/es\/posguerra-en-montserrat\/"},{"@type":"ListItem","position":3,"name":"El poder local: Falange y Ayuntamiento"}]},{"@type":"WebSite","@id":"https:\/\/memoria.montserrat.es\/es\/#website","url":"https:\/\/memoria.montserrat.es\/es\/","name":"Mem\u00f2ria recobrada de Montserrat","description":"La veu d&#039;un poble","publisher":{"@id":"https:\/\/memoria.montserrat.es\/es\/#organization"},"potentialAction":[{"@type":"SearchAction","target":{"@type":"EntryPoint","urlTemplate":"https:\/\/memoria.montserrat.es\/es\/?s={search_term_string}"},"query-input":"required name=search_term_string"}],"inLanguage":"es"},{"@type":"Organization","@id":"https:\/\/memoria.montserrat.es\/es\/#organization","name":"Mem\u00f2ria recobrada de Montserrat","url":"https:\/\/memoria.montserrat.es\/es\/","logo":{"@type":"ImageObject","inLanguage":"es","@id":"https:\/\/memoria.montserrat.es\/es\/#\/schema\/logo\/image\/","url":"https:\/\/memoria.montserrat.es\/wp-content\/uploads\/2023\/02\/memoria_montserrat_logo.png","contentUrl":"https:\/\/memoria.montserrat.es\/wp-content\/uploads\/2023\/02\/memoria_montserrat_logo.png","width":1952,"height":788,"caption":"Mem\u00f2ria recobrada de Montserrat"},"image":{"@id":"https:\/\/memoria.montserrat.es\/es\/#\/schema\/logo\/image\/"}}]}},"_links":{"self":[{"href":"https:\/\/memoria.montserrat.es\/es\/wp-json\/wp\/v2\/pages\/2773","targetHints":{"allow":["GET"]}}],"collection":[{"href":"https:\/\/memoria.montserrat.es\/es\/wp-json\/wp\/v2\/pages"}],"about":[{"href":"https:\/\/memoria.montserrat.es\/es\/wp-json\/wp\/v2\/types\/page"}],"author":[{"embeddable":true,"href":"https:\/\/memoria.montserrat.es\/es\/wp-json\/wp\/v2\/users\/1"}],"replies":[{"embeddable":true,"href":"https:\/\/memoria.montserrat.es\/es\/wp-json\/wp\/v2\/comments?post=2773"}],"version-history":[{"count":13,"href":"https:\/\/memoria.montserrat.es\/es\/wp-json\/wp\/v2\/pages\/2773\/revisions"}],"predecessor-version":[{"id":6653,"href":"https:\/\/memoria.montserrat.es\/es\/wp-json\/wp\/v2\/pages\/2773\/revisions\/6653"}],"up":[{"embeddable":true,"href":"https:\/\/memoria.montserrat.es\/es\/wp-json\/wp\/v2\/pages\/2713"}],"wp:attachment":[{"href":"https:\/\/memoria.montserrat.es\/es\/wp-json\/wp\/v2\/media?parent=2773"}],"curies":[{"name":"wp","href":"https:\/\/api.w.org\/{rel}","templated":true}]}}