{"id":2706,"date":"2022-03-21T19:27:08","date_gmt":"2022-03-21T17:27:08","guid":{"rendered":"https:\/\/memoria.montserrat.es\/?page_id=2706"},"modified":"2023-02-22T12:23:49","modified_gmt":"2023-02-22T10:23:49","slug":"represion-control-social-y-moral","status":"publish","type":"page","link":"https:\/\/memoria.montserrat.es\/es\/posguerra-en-montserrat\/represion-control-social-y-moral\/","title":{"rendered":"Represi\u00f3n, control social y moral"},"content":{"rendered":"<p>[vc_row css_animation=\u00bb\u00bb row_type=\u00bbrow\u00bb use_row_as_full_screen_section=\u00bbno\u00bb type=\u00bbfull_width\u00bb angled_section=\u00bbno\u00bb text_align=\u00bbleft\u00bb background_image_as_pattern=\u00bbwithout_pattern\u00bb z_index=\u00bb\u00bb css=\u00bb.vc_custom_1666173666245{padding-bottom: 50px !important;background-position: center !important;background-repeat: no-repeat !important;background-size: contain !important;}\u00bb el_class=\u00bb.imatge_fons\u00bb][vc_column][vc_row_inner row_type=\u00bbrow\u00bb type=\u00bbgrid\u00bb text_align=\u00bbleft\u00bb css_animation=\u00bb\u00bb padding_top=\u00bb50%\u00bb][vc_column_inner width=\u00bb1\/6&#8243; css=\u00bb.vc_custom_1647631464667{margin-right: 0px !important;margin-left: -100px !important;padding-right: 0px !important;}\u00bb offset=\u00bbvc_hidden-sm vc_hidden-xs\u00bb][vc_column_text el_class=\u00bb.num_capitol\u00bb]03[\/vc_column_text][\/vc_column_inner][vc_column_inner width=\u00bb1\/2&#8243; css=\u00bb.vc_custom_1647631470542{margin-left: -100px !important;padding-left: 0px !important;}\u00bb offset=\u00bbvc_hidden-sm vc_hidden-xs\u00bb][vc_column_text el_class=\u00bb.titol_capitol\u00bb]<\/p>\n<h1>Represi\u00f3n,<br \/>\n<span class=\"subtitol\">control social y moral<\/span><\/h1>\n<p>[\/vc_column_text][\/vc_column_inner][vc_column_inner width=\u00bb1\/3&#8243; offset=\u00bbvc_hidden-sm vc_hidden-xs\u00bb][vc_column_text el_class=\u00bb.etiqueta_mare\u00bb]<\/p>\n<h3><\/h3>\n<h3 style=\"text-align: right;\"><span class=\"roig\">POSGUERRA <\/span>EN\u00a0MONTSERRAT<\/h3>\n<p>[\/vc_column_text][\/vc_column_inner][\/vc_row_inner][vc_row_inner row_type=\u00bbrow\u00bb type=\u00bbfull_width\u00bb text_align=\u00bbleft\u00bb css_animation=\u00bb\u00bb css=\u00bb.vc_custom_1647632187031{margin-left: 2% !important;}\u00bb][vc_column_inner offset=\u00bbvc_hidden-lg vc_hidden-md\u00bb css=\u00bb.vc_custom_1647632140819{margin-top: 50px !important;}\u00bb][vc_column_text el_class=\u00bb.num_capitol_mobile\u00bb css=\u00bb.vc_custom_1647883688946{margin-bottom: 50px !important;}\u00bb]03[\/vc_column_text][vc_column_text el_class=\u00bb.titol_capitol_mobile\u00bb]<\/p>\n<h1>Represi\u00f3n,<br \/>\n<span class=\"subtitol\">control social y moral<\/span><\/h1>\n<p>[\/vc_column_text][vc_column_text el_class=\u00bb.etiqueta_mare\u00bb]<\/p>\n<h3 style=\"text-align: left;\"><span class=\"roig\">POSGUERRA <\/span>EN MONTSERRAT<\/h3>\n<p>[\/vc_column_text][\/vc_column_inner][\/vc_row_inner][vc_row_inner row_type=\u00bbrow\u00bb type=\u00bbfull_width\u00bb text_align=\u00bbleft\u00bb css_animation=\u00bb\u00bb][vc_column_inner][vc_single_image image=\u00bb54&#8243; img_size=\u00bbfull\u00bb alignment=\u00bbcenter\u00bb qode_css_animation=\u00bb\u00bb][\/vc_column_inner][\/vc_row_inner][vc_row_inner row_type=\u00bbrow\u00bb type=\u00bbgrid\u00bb text_align=\u00bbleft\u00bb css_animation=\u00bb\u00bb css=\u00bb.vc_custom_1647628966339{margin-top: 30px !important;margin-right: 2% !important;margin-left: 2% !important;}\u00bb][vc_column_inner][vc_column_text]La represi\u00f3n franquista, adem\u00e1s de castigar a las personas que hab\u00edan desafiado el orden tradicional, pretend\u00eda el control social a trav\u00e9s del miedo social a volver o a entrar por primera vez en cualquiera de las modalidades represivas. As\u00ed, la represi\u00f3n se concentr\u00f3 cronol\u00f3gicamente. De esta manera, se consigui\u00f3 ahogar la tradici\u00f3n republicana-democr\u00e1tica y revolucionaria de Montserrat o, al menos, que se quedara circunscrita a una oposici\u00f3n silenciosa o con demostraciones de antifranquismo muy puntuales.<\/p>\n<p>La instalaci\u00f3n de un campo de concentraci\u00f3n en el mismo pueblo facilit\u00f3 sobremanera el ejercicio represivo. Los detenidos, despu\u00e9s de sufrir en muchos casos, crueles y humillantes torturas, fueron calificados pol\u00edticamente y trasladados a otros campos de concentraci\u00f3n. El 30 de abril, al menos quince detenidos ingresaron en el campo de concentraci\u00f3n de Sueca. La represi\u00f3n siempre se origin\u00f3 y creci\u00f3 en los propios pueblos, a trav\u00e9s de denuncias, en las que tambi\u00e9n participaron activamente mujeres. Seg\u00fan la Causa General, 95 vecinos fueron denunciados, entre ellos 15 mujeres. Desde los lugares de detenci\u00f3n, fueron trasladados a prisiones como Alzira o Carlet, lugares en los que transcurr\u00edan los Consejos de Guerra militares (tambi\u00e9n en Valencia), verdaderas farsas jur\u00eddicas. Al menos, 32 vecinos, todos hombres, pasaron por Consejos de Guerra, en alg\u00fan caso con m\u00e1s de uno. Se ejecutaron en Paterna dos penas de muerte contra Isabelino Almerich Juanes y Antonio Gal\u00e1n Mill\u00e1n (1940). Del primero, el alcalde afirmaba: \u201cno pudi\u00e9ndose comprobar testifical\u201d sus presuntos delitos. El resto, purgaron sus penas en las terribles condiciones de vida de la Celular o Modelo y San Miguel de los Reyes de Valencia, aunque en alg\u00fan caso estaban prisioneros en otros territorios. Las denuncias particulares estuvieron acompa\u00f1adas por los informes, casi siempre condenatorios, de los alcaldes, Falange, Guardia Civil de Real o del p\u00e1rroco. Tambi\u00e9n se debe rese\u00f1ar la labor ben\u00e9fica de un refugiado derechista durante la guerra que intent\u00f3 paliar la represi\u00f3n.<\/p>\n<p>Adem\u00e1s, un vecino fue expedientado por parte del Tribunal de Represi\u00f3n de la Masoner\u00eda y el Comunismo. Otros doce j\u00f3venes fueron castigados a diferentes modalidades de trabajo esclavo (batallones de trabajadores, colonias militarizadas\u2026). El Tribunal de Responsabilidades Pol\u00edticas ha dejado escasa documentaci\u00f3n, por lo que solamente se ha podido documentar a tres expedientados. La depuraci\u00f3n laboral, que consideraba a todos los trabajadores culpables hasta que demostrasen su inocencia, expuls\u00f3, para ser repartidos sus puestos de trabajo entre los \u201cafectos\u201d, a los trabajadores municipales interinos, al igual que tres maestros. Incluso a m\u00fasicos como Evangelista Mart\u00ednez Garc\u00eda. Cuatro republicanos fueron obligados a exiliarse. Para el resto, el exilio interior como Jos\u00e9 Chas\u00e1n, entre otros muchos.<\/p>\n<p>Esta represi\u00f3n judicial-normativa se extendi\u00f3 a la vida cotidiana a trav\u00e9s de prohibiciones, sanciones, multas y malos tratos. Estuvo prohibido el baile en los primeros a\u00f1os, se tramitaron multas desorbitadas por blasfemar (un delito) o \u201cmurmurar\u201d contra las autoridades, por \u201cno descubrirse al paso\u201d o trabajar en domingo. As\u00ed, se daba el caso que para eludir esta norma, un vecino se levantaba a las cuatro de la ma\u00f1ana para trabajar en Torrent y volv\u00eda, ya de noche, hacia las 10. Los hijos de los republicanos eran \u201crojos ro\u00efns\u201d y sufr\u00edan insultos y menosprecios. Incluso la obra de conducci\u00f3n de agua iniciada por Jos\u00e9 Chas\u00e1n, como otros contratos parecidos, fue anulada por haber sido realizada durante la Rep\u00fablica. Las asociaciones tambi\u00e9n eran objeto de vigilancia y sus juntas directivas ten\u00edan que pasar por un proceso depurativo pol\u00edtico-social. El franquismo local siempre estuvo vigilante ante el paso de maquis o el hallazgo de 40 bombas de la guerra.<\/p>\n<p>Sin duda, pesaba en el \u00e1nimo de las autoridades franquistas locales, como ellas mismas afirmaban que estaban \u201crodeados de enemigos solapados y encubiertos\u201d, aunque confiaban que \u201ccon el tiempo lo corregiremos, con la ayuda de Dios\u201d. M\u00e1s bien, con un ejercicio de imposici\u00f3n y coacci\u00f3n que atent\u00f3 contra los derechos humanos hasta 1975. A partir de los cincuenta, la represi\u00f3n se fue amoldando a los nuevos tiempos. Ya no necesitaba la fiereza de la posguerra, puesto que hab\u00eda cumplido con sus objetivos. Todav\u00eda en 1966, el Ayuntamiento informaba negativamente a la petici\u00f3n de Elena Cerver\u00f3 Bosch para volver a su pueblo desde el exilio franc\u00e9s, aunque intercedi\u00f3 a su favor el p\u00e1rroco.[\/vc_column_text][\/vc_column_inner][\/vc_row_inner][\/vc_column][\/vc_row][vc_row css_animation=\u00bb\u00bb row_type=\u00bbrow\u00bb use_row_as_full_screen_section=\u00bbno\u00bb type=\u00bbgrid\u00bb angled_section=\u00bbno\u00bb text_align=\u00bbleft\u00bb background_image_as_pattern=\u00bbwithout_pattern\u00bb z_index=\u00bb\u00bb][vc_column width=\u00bb1\/3&#8243;][vc_btn title=\u00bbEntrevistas\u00bb style=\u00bbcustom\u00bb custom_background=\u00bb#9b0000&#8243; custom_text=\u00bb#ffffff\u00bb shape=\u00bbsquare\u00bb align=\u00bbleft\u00bb i_align=\u00bbright\u00bb i_icon_fontawesome=\u00bbfas fa-play\u00bb button_block=\u00bbtrue\u00bb add_icon=\u00bbtrue\u00bb link=\u00bburl:https%3A%2F%2Fmemoria.montserrat.es%2Fes%2Fposguerra-en-montserrat%2Frepresion-control-social-y-moral%2Frepresion-control-social-y-moral-entrevistas%2F|title:Repressi%C3%B3%2C%20control%20social%20i%20moral%20%E2%80%93%20Entrevistes\u00bb][\/vc_column][vc_column width=\u00bb1\/3&#8243;][\/vc_column][vc_column width=\u00bb1\/3&#8243;][\/vc_column][\/vc_row][vc_row css_animation=\u00bb\u00bb row_type=\u00bbrow\u00bb use_row_as_full_screen_section=\u00bbno\u00bb type=\u00bbfull_width\u00bb angled_section=\u00bbno\u00bb text_align=\u00bbleft\u00bb background_image_as_pattern=\u00bbwithout_pattern\u00bb][vc_column][vc_masonry_media_grid element_width=\u00bb3&#8243; gap=\u00bb10&#8243; item=\u00bb263&#8243; grid_id=\u00bbvc_gid:1677061413722-b9e93302-eddd-2&#8243; include=\u00bb6004,6006,6008,6010,6012,6014,6016,6018,6020,6022,6024,6026,6028,6030,6032,6034,6036,6038,6040,6042,6044,6046,6048,6050,6052,6054,6056,6058,6060,6062,6064,6066,6068,6070,6072,6074,6076,6078,6080,6082,6084,6086,6088,6090&#8243;][\/vc_column][\/vc_row]<\/p>\n","protected":false},"excerpt":{"rendered":"<p>[vc_row css_animation=\u00bb\u00bb row_type=\u00bbrow\u00bb use_row_as_full_screen_section=\u00bbno\u00bb type=\u00bbfull_width\u00bb angled_section=\u00bbno\u00bb text_align=\u00bbleft\u00bb background_image_as_pattern=\u00bbwithout_pattern\u00bb z_index=\u00bb\u00bb css=\u00bb.vc_custom_1666173666245{padding-bottom: 50px !important;background-position: center !important;background-repeat: no-repeat !important;background-size: contain !important;}\u00bb el_class=\u00bb.imatge_fons\u00bb][vc_column][vc_row_inner row_type=\u00bbrow\u00bb type=\u00bbgrid\u00bb text_align=\u00bbleft\u00bb css_animation=\u00bb\u00bb padding_top=\u00bb50%\u00bb][vc_column_inner width=\u00bb1\/6&#8243; css=\u00bb.vc_custom_1647631464667{margin-right: 0px !important;margin-left: -100px !important;padding-right: 0px !important;}\u00bb offset=\u00bbvc_hidden-sm vc_hidden-xs\u00bb][vc_column_text el_class=\u00bb.num_capitol\u00bb]03[\/vc_column_text][\/vc_column_inner][vc_column_inner width=\u00bb1\/2&#8243; css=\u00bb.vc_custom_1647631470542{margin-left: -100px !important;padding-left: 0px !important;}\u00bb offset=\u00bbvc_hidden-sm vc_hidden-xs\u00bb][vc_column_text el_class=\u00bb.titol_capitol\u00bb] Represi\u00f3n,&#8230;<\/p>\n","protected":false},"author":1,"featured_media":0,"parent":2713,"menu_order":0,"comment_status":"closed","ping_status":"closed","template":"full_width.php","meta":{"_monsterinsights_skip_tracking":false,"_monsterinsights_sitenote_active":false,"_monsterinsights_sitenote_note":"","_monsterinsights_sitenote_category":0,"footnotes":""},"class_list":["post-2706","page","type-page","status-publish","hentry"],"yoast_head":"<!-- This site is optimized with the Yoast SEO plugin v21.4 - https:\/\/yoast.com\/wordpress\/plugins\/seo\/ -->\n<title>Represi\u00f3n, control social y moral - Mem\u00f2ria recobrada de Montserrat<\/title>\n<meta name=\"robots\" content=\"index, follow, max-snippet:-1, max-image-preview:large, max-video-preview:-1\" \/>\n<link rel=\"canonical\" href=\"https:\/\/memoria.montserrat.es\/es\/posguerra-en-montserrat\/represion-control-social-y-moral\/\" \/>\n<meta property=\"og:locale\" content=\"es_ES\" \/>\n<meta property=\"og:type\" content=\"article\" \/>\n<meta property=\"og:title\" content=\"Represi\u00f3n, control social y moral - Mem\u00f2ria recobrada de Montserrat\" \/>\n<meta property=\"og:description\" content=\"[vc_row css_animation=\u00bb\u00bb row_type=\u00bbrow\u00bb use_row_as_full_screen_section=\u00bbno\u00bb type=\u00bbfull_width\u00bb angled_section=\u00bbno\u00bb text_align=\u00bbleft\u00bb background_image_as_pattern=\u00bbwithout_pattern\u00bb z_index=\u00bb\u00bb css=\u00bb.vc_custom_1666173666245{padding-bottom: 50px !important;background-position: center !important;background-repeat: no-repeat !important;background-size: contain !important;}\u00bb el_class=\u00bb.imatge_fons\u00bb][vc_column][vc_row_inner row_type=\u00bbrow\u00bb type=\u00bbgrid\u00bb text_align=\u00bbleft\u00bb css_animation=\u00bb\u00bb padding_top=\u00bb50%\u00bb][vc_column_inner width=\u00bb1\/6&#8243; css=\u00bb.vc_custom_1647631464667{margin-right: 0px !important;margin-left: -100px !important;padding-right: 0px !important;}\u00bb offset=\u00bbvc_hidden-sm vc_hidden-xs\u00bb][vc_column_text el_class=\u00bb.num_capitol\u00bb]03[\/vc_column_text][\/vc_column_inner][vc_column_inner width=\u00bb1\/2&#8243; css=\u00bb.vc_custom_1647631470542{margin-left: -100px !important;padding-left: 0px !important;}\u00bb offset=\u00bbvc_hidden-sm vc_hidden-xs\u00bb][vc_column_text el_class=\u00bb.titol_capitol\u00bb] Represi\u00f3n,...\" \/>\n<meta property=\"og:url\" content=\"https:\/\/memoria.montserrat.es\/es\/posguerra-en-montserrat\/represion-control-social-y-moral\/\" \/>\n<meta property=\"og:site_name\" content=\"Mem\u00f2ria recobrada de Montserrat\" \/>\n<meta property=\"article:modified_time\" content=\"2023-02-22T10:23:49+00:00\" \/>\n<meta name=\"twitter:card\" content=\"summary_large_image\" \/>\n<meta name=\"twitter:label1\" content=\"Tiempo de lectura\" \/>\n\t<meta name=\"twitter:data1\" content=\"6 minutos\" \/>\n<script type=\"application\/ld+json\" class=\"yoast-schema-graph\">{\"@context\":\"https:\/\/schema.org\",\"@graph\":[{\"@type\":\"WebPage\",\"@id\":\"https:\/\/memoria.montserrat.es\/es\/posguerra-en-montserrat\/represion-control-social-y-moral\/\",\"url\":\"https:\/\/memoria.montserrat.es\/es\/posguerra-en-montserrat\/represion-control-social-y-moral\/\",\"name\":\"Represi\u00f3n, control social y moral - Mem\u00f2ria recobrada de Montserrat\",\"isPartOf\":{\"@id\":\"https:\/\/memoria.montserrat.es\/es\/#website\"},\"datePublished\":\"2022-03-21T17:27:08+00:00\",\"dateModified\":\"2023-02-22T10:23:49+00:00\",\"breadcrumb\":{\"@id\":\"https:\/\/memoria.montserrat.es\/es\/posguerra-en-montserrat\/represion-control-social-y-moral\/#breadcrumb\"},\"inLanguage\":\"es\",\"potentialAction\":[{\"@type\":\"ReadAction\",\"target\":[\"https:\/\/memoria.montserrat.es\/es\/posguerra-en-montserrat\/represion-control-social-y-moral\/\"]}]},{\"@type\":\"BreadcrumbList\",\"@id\":\"https:\/\/memoria.montserrat.es\/es\/posguerra-en-montserrat\/represion-control-social-y-moral\/#breadcrumb\",\"itemListElement\":[{\"@type\":\"ListItem\",\"position\":1,\"name\":\"Inici\",\"item\":\"https:\/\/memoria.montserrat.es\/es\/\"},{\"@type\":\"ListItem\",\"position\":2,\"name\":\"posguerra en montserrat\",\"item\":\"https:\/\/memoria.montserrat.es\/es\/posguerra-en-montserrat\/\"},{\"@type\":\"ListItem\",\"position\":3,\"name\":\"Represi\u00f3n, control social y moral\"}]},{\"@type\":\"WebSite\",\"@id\":\"https:\/\/memoria.montserrat.es\/es\/#website\",\"url\":\"https:\/\/memoria.montserrat.es\/es\/\",\"name\":\"Mem\u00f2ria recobrada de Montserrat\",\"description\":\"La veu d&#039;un poble\",\"publisher\":{\"@id\":\"https:\/\/memoria.montserrat.es\/es\/#organization\"},\"potentialAction\":[{\"@type\":\"SearchAction\",\"target\":{\"@type\":\"EntryPoint\",\"urlTemplate\":\"https:\/\/memoria.montserrat.es\/es\/?s={search_term_string}\"},\"query-input\":\"required name=search_term_string\"}],\"inLanguage\":\"es\"},{\"@type\":\"Organization\",\"@id\":\"https:\/\/memoria.montserrat.es\/es\/#organization\",\"name\":\"Mem\u00f2ria recobrada de Montserrat\",\"url\":\"https:\/\/memoria.montserrat.es\/es\/\",\"logo\":{\"@type\":\"ImageObject\",\"inLanguage\":\"es\",\"@id\":\"https:\/\/memoria.montserrat.es\/es\/#\/schema\/logo\/image\/\",\"url\":\"https:\/\/memoria.montserrat.es\/wp-content\/uploads\/2023\/02\/memoria_montserrat_logo.png\",\"contentUrl\":\"https:\/\/memoria.montserrat.es\/wp-content\/uploads\/2023\/02\/memoria_montserrat_logo.png\",\"width\":1952,\"height\":788,\"caption\":\"Mem\u00f2ria recobrada de Montserrat\"},\"image\":{\"@id\":\"https:\/\/memoria.montserrat.es\/es\/#\/schema\/logo\/image\/\"}}]}<\/script>\n<!-- \/ Yoast SEO plugin. -->","yoast_head_json":{"title":"Represi\u00f3n, control social y moral - Mem\u00f2ria recobrada de Montserrat","robots":{"index":"index","follow":"follow","max-snippet":"max-snippet:-1","max-image-preview":"max-image-preview:large","max-video-preview":"max-video-preview:-1"},"canonical":"https:\/\/memoria.montserrat.es\/es\/posguerra-en-montserrat\/represion-control-social-y-moral\/","og_locale":"es_ES","og_type":"article","og_title":"Represi\u00f3n, control social y moral - Mem\u00f2ria recobrada de Montserrat","og_description":"[vc_row css_animation=\u00bb\u00bb row_type=\u00bbrow\u00bb use_row_as_full_screen_section=\u00bbno\u00bb type=\u00bbfull_width\u00bb angled_section=\u00bbno\u00bb text_align=\u00bbleft\u00bb background_image_as_pattern=\u00bbwithout_pattern\u00bb z_index=\u00bb\u00bb css=\u00bb.vc_custom_1666173666245{padding-bottom: 50px !important;background-position: center !important;background-repeat: no-repeat !important;background-size: contain !important;}\u00bb el_class=\u00bb.imatge_fons\u00bb][vc_column][vc_row_inner row_type=\u00bbrow\u00bb type=\u00bbgrid\u00bb text_align=\u00bbleft\u00bb css_animation=\u00bb\u00bb padding_top=\u00bb50%\u00bb][vc_column_inner width=\u00bb1\/6&#8243; css=\u00bb.vc_custom_1647631464667{margin-right: 0px !important;margin-left: -100px !important;padding-right: 0px !important;}\u00bb offset=\u00bbvc_hidden-sm vc_hidden-xs\u00bb][vc_column_text el_class=\u00bb.num_capitol\u00bb]03[\/vc_column_text][\/vc_column_inner][vc_column_inner width=\u00bb1\/2&#8243; css=\u00bb.vc_custom_1647631470542{margin-left: -100px !important;padding-left: 0px !important;}\u00bb offset=\u00bbvc_hidden-sm vc_hidden-xs\u00bb][vc_column_text el_class=\u00bb.titol_capitol\u00bb] Represi\u00f3n,...","og_url":"https:\/\/memoria.montserrat.es\/es\/posguerra-en-montserrat\/represion-control-social-y-moral\/","og_site_name":"Mem\u00f2ria recobrada de Montserrat","article_modified_time":"2023-02-22T10:23:49+00:00","twitter_card":"summary_large_image","twitter_misc":{"Tiempo de lectura":"6 minutos"},"schema":{"@context":"https:\/\/schema.org","@graph":[{"@type":"WebPage","@id":"https:\/\/memoria.montserrat.es\/es\/posguerra-en-montserrat\/represion-control-social-y-moral\/","url":"https:\/\/memoria.montserrat.es\/es\/posguerra-en-montserrat\/represion-control-social-y-moral\/","name":"Represi\u00f3n, control social y moral - Mem\u00f2ria recobrada de Montserrat","isPartOf":{"@id":"https:\/\/memoria.montserrat.es\/es\/#website"},"datePublished":"2022-03-21T17:27:08+00:00","dateModified":"2023-02-22T10:23:49+00:00","breadcrumb":{"@id":"https:\/\/memoria.montserrat.es\/es\/posguerra-en-montserrat\/represion-control-social-y-moral\/#breadcrumb"},"inLanguage":"es","potentialAction":[{"@type":"ReadAction","target":["https:\/\/memoria.montserrat.es\/es\/posguerra-en-montserrat\/represion-control-social-y-moral\/"]}]},{"@type":"BreadcrumbList","@id":"https:\/\/memoria.montserrat.es\/es\/posguerra-en-montserrat\/represion-control-social-y-moral\/#breadcrumb","itemListElement":[{"@type":"ListItem","position":1,"name":"Inici","item":"https:\/\/memoria.montserrat.es\/es\/"},{"@type":"ListItem","position":2,"name":"posguerra en montserrat","item":"https:\/\/memoria.montserrat.es\/es\/posguerra-en-montserrat\/"},{"@type":"ListItem","position":3,"name":"Represi\u00f3n, control social y moral"}]},{"@type":"WebSite","@id":"https:\/\/memoria.montserrat.es\/es\/#website","url":"https:\/\/memoria.montserrat.es\/es\/","name":"Mem\u00f2ria recobrada de Montserrat","description":"La veu d&#039;un poble","publisher":{"@id":"https:\/\/memoria.montserrat.es\/es\/#organization"},"potentialAction":[{"@type":"SearchAction","target":{"@type":"EntryPoint","urlTemplate":"https:\/\/memoria.montserrat.es\/es\/?s={search_term_string}"},"query-input":"required name=search_term_string"}],"inLanguage":"es"},{"@type":"Organization","@id":"https:\/\/memoria.montserrat.es\/es\/#organization","name":"Mem\u00f2ria recobrada de Montserrat","url":"https:\/\/memoria.montserrat.es\/es\/","logo":{"@type":"ImageObject","inLanguage":"es","@id":"https:\/\/memoria.montserrat.es\/es\/#\/schema\/logo\/image\/","url":"https:\/\/memoria.montserrat.es\/wp-content\/uploads\/2023\/02\/memoria_montserrat_logo.png","contentUrl":"https:\/\/memoria.montserrat.es\/wp-content\/uploads\/2023\/02\/memoria_montserrat_logo.png","width":1952,"height":788,"caption":"Mem\u00f2ria recobrada de Montserrat"},"image":{"@id":"https:\/\/memoria.montserrat.es\/es\/#\/schema\/logo\/image\/"}}]}},"_links":{"self":[{"href":"https:\/\/memoria.montserrat.es\/es\/wp-json\/wp\/v2\/pages\/2706","targetHints":{"allow":["GET"]}}],"collection":[{"href":"https:\/\/memoria.montserrat.es\/es\/wp-json\/wp\/v2\/pages"}],"about":[{"href":"https:\/\/memoria.montserrat.es\/es\/wp-json\/wp\/v2\/types\/page"}],"author":[{"embeddable":true,"href":"https:\/\/memoria.montserrat.es\/es\/wp-json\/wp\/v2\/users\/1"}],"replies":[{"embeddable":true,"href":"https:\/\/memoria.montserrat.es\/es\/wp-json\/wp\/v2\/comments?post=2706"}],"version-history":[{"count":11,"href":"https:\/\/memoria.montserrat.es\/es\/wp-json\/wp\/v2\/pages\/2706\/revisions"}],"predecessor-version":[{"id":6661,"href":"https:\/\/memoria.montserrat.es\/es\/wp-json\/wp\/v2\/pages\/2706\/revisions\/6661"}],"up":[{"embeddable":true,"href":"https:\/\/memoria.montserrat.es\/es\/wp-json\/wp\/v2\/pages\/2713"}],"wp:attachment":[{"href":"https:\/\/memoria.montserrat.es\/es\/wp-json\/wp\/v2\/media?parent=2706"}],"curies":[{"name":"wp","href":"https:\/\/api.w.org\/{rel}","templated":true}]}}